{"id":980,"date":"2025-03-30T10:05:50","date_gmt":"2025-03-30T10:05:50","guid":{"rendered":"https:\/\/palovs.hu\/?page_id=980"},"modified":"2026-04-14T14:05:18","modified_gmt":"2026-04-14T14:05:18","slug":"contact","status":"publish","type":"page","link":"https:\/\/palovs.hu\/ro\/kapcsolat\/","title":{"rendered":"Persoan\u0103 de contact"},"content":{"rendered":"<div data-elementor-type=\"wp-page\" data-elementor-id=\"980\" class=\"elementor elementor-980\" data-elementor-post-type=\"page\">\n\t\t\t\t<div class=\"elementor-element elementor-element-eafb7c0 e-flex e-con-boxed e-con e-parent\" data-id=\"eafb7c0\" data-element_type=\"container\" data-e-type=\"container\" data-settings=\"{&quot;background_background&quot;:&quot;classic&quot;}\">\n\t\t\t\t\t<div class=\"e-con-inner\">\n\t\t\t\t<div class=\"elementor-element elementor-element-8ddce98 elementor-widget elementor-widget-spacer\" data-id=\"8ddce98\" data-element_type=\"widget\" data-e-type=\"widget\" data-widget_type=\"spacer.default\">\n\t\t\t\t<div class=\"elementor-widget-container\">\n\t\t\t\t\t\t\t<div class=\"elementor-spacer\">\n\t\t\t<div class=\"elementor-spacer-inner\"><\/div>\n\t\t<\/div>\n\t\t\t\t\t\t<\/div>\n\t\t\t\t<\/div>\n\t\t\t\t<div class=\"elementor-element elementor-element-acc26fb elementor-widget elementor-widget-heading\" data-id=\"acc26fb\" data-element_type=\"widget\" data-e-type=\"widget\" data-widget_type=\"heading.default\">\n\t\t\t\t<div class=\"elementor-widget-container\">\n\t\t\t\t\t<h2 class=\"elementor-heading-title elementor-size-default\">Cum ne pute\u021bi contacta?<\/h2>\t\t\t\t<\/div>\n\t\t\t\t<\/div>\n\t\t\t\t<div class=\"elementor-element elementor-element-d885a7c elementor-widget elementor-widget-text-editor\" data-id=\"d885a7c\" data-element_type=\"widget\" data-e-type=\"widget\" data-widget_type=\"text-editor.default\">\n\t\t\t\t<div class=\"elementor-widget-container\">\n\t\t\t\t\t\t\t\t\t<p>Pentru \u00eentreb\u0103ri legate de rezerv\u0103ri:<\/p><p>Prin e-mail: info@palovs.hu<\/p><p>Prin telefon: +36307199488<\/p>\t\t\t\t\t\t\t\t<\/div>\n\t\t\t\t<\/div>\n\t\t\t\t<div class=\"elementor-element elementor-element-d07f4e9 elementor-widget elementor-widget-text-editor\" data-id=\"d07f4e9\" data-element_type=\"widget\" data-e-type=\"widget\" data-widget_type=\"text-editor.default\">\n\t\t\t\t<div class=\"elementor-widget-container\">\n\t\t\t\t\t\t\t\t\t<p>Pe probleme de afaceri:<\/p><p>management@palovs.hu<\/p>\t\t\t\t\t\t\t\t<\/div>\n\t\t\t\t<\/div>\n\t\t\t\t<div class=\"elementor-element elementor-element-176e5ae elementor-widget elementor-widget-heading\" data-id=\"176e5ae\" data-element_type=\"widget\" data-e-type=\"widget\" data-widget_type=\"heading.default\">\n\t\t\t\t<div class=\"elementor-widget-container\">\n\t\t\t\t\t<h3 class=\"elementor-heading-title elementor-size-default\">Cum s\u0103 v\u0103 g\u0103si\u021bi cu u\u0219urin\u021b\u0103 casa de vacan\u021b\u0103?<\/h3>\t\t\t\t<\/div>\n\t\t\t\t<\/div>\n\t\t\t\t<div class=\"elementor-element elementor-element-7fad1ab elementor-widget elementor-widget-text-editor\" data-id=\"7fad1ab\" data-element_type=\"widget\" data-e-type=\"widget\" data-widget_type=\"text-editor.default\">\n\t\t\t\t<div class=\"elementor-widget-container\">\n\t\t\t\t\t\t\t\t\t<p>\u00cen Gps pute\u021bi g\u0103si Casa de oaspe\u021bi Palov ca destina\u021bie.<\/p><p>Szarvasra leggyorsabban a n\u00e9h\u00e1ny \u00e9ve elk\u00e9sz\u00fclt M44-es aut\u00f3\u00faton lehet eljutni. A p\u00e1ly\u00e1hoz sz\u00fcks\u00e9g van vagy egy orsz\u00e1gos aut\u00f3p\u00e1lya matric\u00e1ra, vagy a B\u00e1cs Kiskun, J\u00e1sz-Nagykun-Szolnok \u00e9s B\u00e9k\u00e9s v\u00e1rmegyei matric\u00e1kra, att\u00f3l f\u00fcgg\u0151en, honnan \u00e9rkeztek.\u00a0<\/p><p>Dac\u0103 o lua\u021bi pe drumul principal 44 din Kecskem\u00e9t, drumul duce prin peisaje frumoase p\u00e2n\u0103 \u00een centrul ora\u0219ului Szarvas \u0219i adaug\u0103 doar c\u00e2teva minute la durata c\u0103l\u0103toriei (\u0219i km).<\/p>\t\t\t\t\t\t\t\t<\/div>\n\t\t\t\t<\/div>\n\t\t\t\t<div class=\"elementor-element elementor-element-00545c3 elementor-widget elementor-widget-html\" data-id=\"00545c3\" data-element_type=\"widget\" data-e-type=\"widget\" data-widget_type=\"html.default\">\n\t\t\t\t<div class=\"elementor-widget-container\">\n\t\t\t\t\t<iframe src=\"https:\/\/www.google.com\/maps\/embed?pb=!1m18!1m12!1m3!1d2727.6762494658624!2d20.531375673594848!3d46.86974326194658!2m3!1f0!2f0!3f0!3m2!1i1024!2i768!4f13.1!3m3!1m2!1s0x4746a9d2485e9799%3A0x891268f1cff698ea!2sPalov&#39;s%20Vend%C3%A9gh%C3%A1z%20Szarvas!5e0!3m2!1sen!2shu!4v1743525650666!5m2!1sen!2shu\" width=\"600\" height=\"450\" style=\"border:0;\" allowfullscreen=\"\" loading=\"lazy\" referrerpolicy=\"no-referrer-when-downgrade\"><\/iframe>\t\t\t\t<\/div>\n\t\t\t\t<\/div>\n\t\t\t\t\t<\/div>\n\t\t\t\t<\/div>\n\t\t\t\t<\/div>","protected":false},"excerpt":{"rendered":"<p>Hogyan \u00e9rhetsz el benn\u00fcnket? Foglal\u00e1ssal kapcsolatos k\u00e9rd\u00e9sekben: Emailben: info@palovs.hu Telefonon: +36307199488 \u00dczleti \u00fcgyekkel kapcsolatban: management@palovs.hu Hogyan tal\u00e1lhatod meg k\u00f6nnyen a nyaral\u00f3t? Gpsben megtal\u00e1lhat\u00f3 a Palov&#8217;s Vend\u00e9gh\u00e1z, mint c\u00e9lpont. Szarvasra leggyorsabban a n\u00e9h\u00e1ny \u00e9ve elk\u00e9sz\u00fclt M44-es aut\u00f3\u00faton lehet eljutni. A p\u00e1ly\u00e1hoz sz\u00fcks\u00e9g van vagy egy orsz\u00e1gos aut\u00f3p\u00e1lya matric\u00e1ra, vagy a B\u00e1cs Kiskun, J\u00e1sz-Nagykun-Szolnok \u00e9s B\u00e9k\u00e9s v\u00e1rmegyei [&hellip;]<\/p>\n","protected":false},"author":1,"featured_media":0,"parent":0,"menu_order":5,"comment_status":"closed","ping_status":"closed","template":"","meta":{"footnotes":""},"class_list":["post-980","page","type-page","status-publish","hentry"],"yoast_head":"<!-- This site is optimized with the Yoast SEO Premium plugin v27.3 (Yoast SEO v27.3) - https:\/\/yoast.com\/product\/yoast-seo-premium-wordpress\/ -->\n<title>Kapcsolat<\/title>\n<meta name=\"description\" content=\"Keress minket a Palov&#039;s v\u00edzparti vend\u00e9gh\u00e1zzal kapcsolatos k\u00e9rd\u00e9seiddel a megadott el\u00e9rhet\u0151s\u00e9gek egyik\u00e9n.\" \/>\n<meta name=\"robots\" content=\"index, follow, max-snippet:-1, max-image-preview:large, max-video-preview:-1\" \/>\n<link rel=\"canonical\" href=\"https:\/\/palovs.hu\/ro\/contact\/\" \/>\n<meta property=\"og:locale\" content=\"ro_RO\" \/>\n<meta property=\"og:type\" content=\"article\" \/>\n<meta property=\"og:title\" content=\"Kapcsolat\" \/>\n<meta property=\"og:description\" content=\"Keress minket a Palov&#039;s v\u00edzparti vend\u00e9gh\u00e1zzal kapcsolatos k\u00e9rd\u00e9seiddel a megadott el\u00e9rhet\u0151s\u00e9gek egyik\u00e9n.\" \/>\n<meta property=\"og:url\" content=\"https:\/\/palovs.hu\/ro\/contact\/\" \/>\n<meta property=\"og:site_name\" content=\"Palov&#039;s vend\u00e9gh\u00e1z\" \/>\n<meta property=\"article:publisher\" content=\"https:\/\/www.facebook.com\/palovs.szarvas\" \/>\n<meta property=\"article:modified_time\" content=\"2026-04-14T14:05:18+00:00\" \/>\n<meta property=\"og:image\" content=\"https:\/\/palovs.hu\/wp-content\/uploads\/2026\/04\/Sup-kata-Szarvason.webp\" \/>\n\t<meta property=\"og:image:width\" content=\"500\" \/>\n\t<meta property=\"og:image:height\" content=\"500\" \/>\n\t<meta property=\"og:image:type\" content=\"image\/webp\" \/>\n<meta name=\"twitter:card\" content=\"summary_large_image\" \/>\n<meta name=\"twitter:label1\" content=\"Timp estimat pentru citire\" \/>\n\t<meta name=\"twitter:data1\" content=\"1 minut\" \/>\n<script type=\"application\/ld+json\" class=\"yoast-schema-graph\">{\"@context\":\"https:\\\/\\\/schema.org\",\"@graph\":[{\"@type\":\"WebPage\",\"@id\":\"https:\\\/\\\/palovs.hu\\\/kapcsolat\\\/\",\"url\":\"https:\\\/\\\/palovs.hu\\\/kapcsolat\\\/\",\"name\":\"Kapcsolat\",\"isPartOf\":{\"@id\":\"https:\\\/\\\/palovs.hu\\\/#website\"},\"datePublished\":\"2025-03-30T10:05:50+00:00\",\"dateModified\":\"2026-04-14T14:05:18+00:00\",\"description\":\"Keress minket a Palov's v\u00edzparti vend\u00e9gh\u00e1zzal kapcsolatos k\u00e9rd\u00e9seiddel a megadott el\u00e9rhet\u0151s\u00e9gek egyik\u00e9n.\",\"breadcrumb\":{\"@id\":\"https:\\\/\\\/palovs.hu\\\/kapcsolat\\\/#breadcrumb\"},\"inLanguage\":\"ro-RO\",\"potentialAction\":[{\"@type\":\"ReadAction\",\"target\":[\"https:\\\/\\\/palovs.hu\\\/kapcsolat\\\/\"]}]},{\"@type\":\"BreadcrumbList\",\"@id\":\"https:\\\/\\\/palovs.hu\\\/kapcsolat\\\/#breadcrumb\",\"itemListElement\":[{\"@type\":\"ListItem\",\"position\":1,\"name\":\"Home\",\"item\":\"https:\\\/\\\/palovs.hu\\\/\"},{\"@type\":\"ListItem\",\"position\":2,\"name\":\"Kapcsolat\"}]},{\"@type\":\"WebSite\",\"@id\":\"https:\\\/\\\/palovs.hu\\\/#website\",\"url\":\"https:\\\/\\\/palovs.hu\\\/\",\"name\":\"Palov's Vend\u00e9gh\u00e1z\",\"description\":\"V\u00edzparti nyaral\u00f3 a K\u00f6r\u00f6s partj\u00e1n\",\"publisher\":{\"@id\":\"https:\\\/\\\/palovs.hu\\\/#organization\"},\"potentialAction\":[{\"@type\":\"SearchAction\",\"target\":{\"@type\":\"EntryPoint\",\"urlTemplate\":\"https:\\\/\\\/palovs.hu\\\/?s={search_term_string}\"},\"query-input\":{\"@type\":\"PropertyValueSpecification\",\"valueRequired\":true,\"valueName\":\"search_term_string\"}}],\"inLanguage\":\"ro-RO\"},{\"@type\":\"Organization\",\"@id\":\"https:\\\/\\\/palovs.hu\\\/#organization\",\"name\":\"Palov's vend\u00e9gh\u00e1z\",\"url\":\"https:\\\/\\\/palovs.hu\\\/\",\"logo\":{\"@type\":\"ImageObject\",\"inLanguage\":\"ro-RO\",\"@id\":\"https:\\\/\\\/palovs.hu\\\/#\\\/schema\\\/logo\\\/image\\\/\",\"url\":\"https:\\\/\\\/palovs.hu\\\/wp-content\\\/uploads\\\/2025\\\/05\\\/cropped-Site-icon-palovs.png\",\"contentUrl\":\"https:\\\/\\\/palovs.hu\\\/wp-content\\\/uploads\\\/2025\\\/05\\\/cropped-Site-icon-palovs.png\",\"width\":512,\"height\":512,\"caption\":\"Palov's vend\u00e9gh\u00e1z\"},\"image\":{\"@id\":\"https:\\\/\\\/palovs.hu\\\/#\\\/schema\\\/logo\\\/image\\\/\"},\"sameAs\":[\"https:\\\/\\\/www.facebook.com\\\/palovs.szarvas\"]}]}<\/script>\n<!-- \/ Yoast SEO Premium plugin. -->","yoast_head_json":{"title":"Persoan\u0103 de contact","description":"Contacta\u021bi-ne cu orice \u00eentreb\u0103ri despre Palov's Waterfront Guesthouse folosind una dintre datele de contact de mai jos.","robots":{"index":"index","follow":"follow","max-snippet":"max-snippet:-1","max-image-preview":"max-image-preview:large","max-video-preview":"max-video-preview:-1"},"canonical":"https:\/\/palovs.hu\/ro\/contact\/","og_locale":"ro_RO","og_type":"article","og_title":"Kapcsolat","og_description":"Keress minket a Palov's v\u00edzparti vend\u00e9gh\u00e1zzal kapcsolatos k\u00e9rd\u00e9seiddel a megadott el\u00e9rhet\u0151s\u00e9gek egyik\u00e9n.","og_url":"https:\/\/palovs.hu\/ro\/contact\/","og_site_name":"Palov&#039;s vend\u00e9gh\u00e1z","article_publisher":"https:\/\/www.facebook.com\/palovs.szarvas","article_modified_time":"2026-04-14T14:05:18+00:00","og_image":[{"width":500,"height":500,"url":"https:\/\/palovs.hu\/wp-content\/uploads\/2026\/04\/Sup-kata-Szarvason.webp","type":"image\/webp"}],"twitter_card":"summary_large_image","twitter_misc":{"Timp estimat pentru citire":"1 minut"},"schema":{"@context":"https:\/\/schema.org","@graph":[{"@type":"WebPage","@id":"https:\/\/palovs.hu\/kapcsolat\/","url":"https:\/\/palovs.hu\/kapcsolat\/","name":"Persoan\u0103 de contact","isPartOf":{"@id":"https:\/\/palovs.hu\/#website"},"datePublished":"2025-03-30T10:05:50+00:00","dateModified":"2026-04-14T14:05:18+00:00","description":"Contacta\u021bi-ne cu orice \u00eentreb\u0103ri despre Palov's Waterfront Guesthouse folosind una dintre datele de contact de mai jos.","breadcrumb":{"@id":"https:\/\/palovs.hu\/kapcsolat\/#breadcrumb"},"inLanguage":"ro-RO","potentialAction":[{"@type":"ReadAction","target":["https:\/\/palovs.hu\/kapcsolat\/"]}]},{"@type":"BreadcrumbList","@id":"https:\/\/palovs.hu\/kapcsolat\/#breadcrumb","itemListElement":[{"@type":"ListItem","position":1,"name":"Home","item":"https:\/\/palovs.hu\/"},{"@type":"ListItem","position":2,"name":"Kapcsolat"}]},{"@type":"WebSite","@id":"https:\/\/palovs.hu\/#website","url":"https:\/\/palovs.hu\/","name":"Casa de oaspe\u021bi Palov","description":"Cas\u0103 de vacan\u021b\u0103 pe malul apei, pe malul r\u00e2ului K\u00f6r\u00f6s","publisher":{"@id":"https:\/\/palovs.hu\/#organization"},"potentialAction":[{"@type":"SearchAction","target":{"@type":"EntryPoint","urlTemplate":"https:\/\/palovs.hu\/?s={search_term_string}"},"query-input":{"@type":"PropertyValueSpecification","valueRequired":true,"valueName":"search_term_string"}}],"inLanguage":"ro-RO"},{"@type":"Organization","@id":"https:\/\/palovs.hu\/#organization","name":"Casa de oaspe\u021bi Palov","url":"https:\/\/palovs.hu\/","logo":{"@type":"ImageObject","inLanguage":"ro-RO","@id":"https:\/\/palovs.hu\/#\/schema\/logo\/image\/","url":"https:\/\/palovs.hu\/wp-content\/uploads\/2025\/05\/cropped-Site-icon-palovs.png","contentUrl":"https:\/\/palovs.hu\/wp-content\/uploads\/2025\/05\/cropped-Site-icon-palovs.png","width":512,"height":512,"caption":"Palov's vend\u00e9gh\u00e1z"},"image":{"@id":"https:\/\/palovs.hu\/#\/schema\/logo\/image\/"},"sameAs":["https:\/\/www.facebook.com\/palovs.szarvas"]}]}},"_links":{"self":[{"href":"https:\/\/palovs.hu\/ro\/wp-json\/wp\/v2\/pages\/980","targetHints":{"allow":["GET"]}}],"collection":[{"href":"https:\/\/palovs.hu\/ro\/wp-json\/wp\/v2\/pages"}],"about":[{"href":"https:\/\/palovs.hu\/ro\/wp-json\/wp\/v2\/types\/page"}],"author":[{"embeddable":true,"href":"https:\/\/palovs.hu\/ro\/wp-json\/wp\/v2\/users\/1"}],"replies":[{"embeddable":true,"href":"https:\/\/palovs.hu\/ro\/wp-json\/wp\/v2\/comments?post=980"}],"version-history":[{"count":41,"href":"https:\/\/palovs.hu\/ro\/wp-json\/wp\/v2\/pages\/980\/revisions"}],"predecessor-version":[{"id":8775,"href":"https:\/\/palovs.hu\/ro\/wp-json\/wp\/v2\/pages\/980\/revisions\/8775"}],"wp:attachment":[{"href":"https:\/\/palovs.hu\/ro\/wp-json\/wp\/v2\/media?parent=980"}],"curies":[{"name":"wp","href":"https:\/\/api.w.org\/{rel}","templated":true}]}}