{"id":7229,"date":"2026-03-21T11:33:59","date_gmt":"2026-03-21T11:33:59","guid":{"rendered":"https:\/\/palovs.hu\/?page_id=7229"},"modified":"2026-04-13T11:58:01","modified_gmt":"2026-04-13T11:58:01","slug":"szarvasi-izek-gasztro-elmenycsomag","status":"publish","type":"page","link":"https:\/\/palovs.hu\/ro\/szarvasi-izek-gasztro-elmenycsomag\/","title":{"rendered":"Pachet de experien\u021b\u0103 gastronomic\u0103"},"content":{"rendered":"<div data-elementor-type=\"wp-page\" data-elementor-id=\"7229\" class=\"elementor elementor-7229\" data-elementor-post-type=\"page\">\n\t\t\t\t<div class=\"elementor-element elementor-element-43c40b5 elementor-hidden-mobile e-flex e-con-boxed e-con e-parent\" data-id=\"43c40b5\" data-element_type=\"container\" data-e-type=\"container\" data-settings=\"{&quot;background_background&quot;:&quot;classic&quot;}\">\n\t\t\t\t\t<div class=\"e-con-inner\">\n\t\t<div class=\"elementor-element elementor-element-5dccb8c e-grid e-con-full e-con e-child\" data-id=\"5dccb8c\" data-element_type=\"container\" data-e-type=\"container\">\n\t\t\t\t<div class=\"elementor-element elementor-element-1dee300 elementor-widget elementor-widget-heading\" data-id=\"1dee300\" data-element_type=\"widget\" data-e-type=\"widget\" data-widget_type=\"heading.default\">\n\t\t\t\t<div class=\"elementor-widget-container\">\n\t\t\t\t\t<h2 class=\"elementor-heading-title elementor-size-default\">Szarvasi \u00cdzek - <\/h2>\t\t\t\t<\/div>\n\t\t\t\t<\/div>\n\t\t\t\t<div class=\"elementor-element elementor-element-33ee52e elementor-widget elementor-widget-heading\" data-id=\"33ee52e\" data-element_type=\"widget\" data-e-type=\"widget\" data-widget_type=\"heading.default\">\n\t\t\t\t<div class=\"elementor-widget-container\">\n\t\t\t\t\t<h2 class=\"elementor-heading-title elementor-size-default\">Pachet de experien\u021b\u0103 gastronomic\u0103<\/h2>\t\t\t\t<\/div>\n\t\t\t\t<\/div>\n\t\t\t\t<div class=\"elementor-element elementor-element-b0aebc7 elementor-widget elementor-widget-text-editor\" data-id=\"b0aebc7\" data-element_type=\"widget\" data-e-type=\"widget\" data-widget_type=\"text-editor.default\">\n\t\t\t\t<div class=\"elementor-widget-container\">\n\t\t\t\t\t\t\t\t\t<p>Dac\u0103 dori\u021bi ca fiecare moment al sejurului dvs. s\u0103 fie special, pute\u021bi solicita un co\u0219 gastronomic cu ingrediente locale. Pachetul este alc\u0103tuit dintr-o selec\u021bie de delicatese de la produc\u0103tori din Sarva \u0219i din \u00eemprejurimi, cu arome reale ale regiunii.<\/p>\t\t\t\t\t\t\t\t<\/div>\n\t\t\t\t<\/div>\n\t\t\t\t<\/div>\n\t\t\t\t\t<\/div>\n\t\t\t\t<\/div>\n\t\t<div class=\"elementor-element elementor-element-9ad94bc elementor-hidden-mobile e-flex e-con-boxed e-con e-parent\" data-id=\"9ad94bc\" data-element_type=\"container\" data-e-type=\"container\" data-settings=\"{&quot;background_background&quot;:&quot;classic&quot;}\">\n\t\t\t\t\t<div class=\"e-con-inner\">\n\t\t<div class=\"elementor-element elementor-element-d5b330a e-con-full e-flex e-con e-child\" data-id=\"d5b330a\" data-element_type=\"container\" data-e-type=\"container\" data-settings=\"{&quot;background_background&quot;:&quot;classic&quot;}\">\n\t\t<div class=\"elementor-element elementor-element-6f02916 e-con-full e-flex e-con e-child\" data-id=\"6f02916\" data-element_type=\"container\" data-e-type=\"container\">\n\t\t\t\t<div class=\"elementor-element elementor-element-b622f51 elementor-widget-divider--view-line elementor-widget elementor-widget-divider\" data-id=\"b622f51\" data-element_type=\"widget\" data-e-type=\"widget\" data-widget_type=\"divider.default\">\n\t\t\t\t<div class=\"elementor-widget-container\">\n\t\t\t\t\t\t\t<div class=\"elementor-divider\">\n\t\t\t<span class=\"elementor-divider-separator\">\n\t\t\t\t\t\t<\/span>\n\t\t<\/div>\n\t\t\t\t\t\t<\/div>\n\t\t\t\t<\/div>\n\t\t\t\t<div class=\"elementor-element elementor-element-41daa89 elementor-widget elementor-widget-text-editor\" data-id=\"41daa89\" data-element_type=\"widget\" data-e-type=\"widget\" data-widget_type=\"text-editor.default\">\n\t\t\t\t<div class=\"elementor-widget-container\">\n\t\t\t\t\t\t\t\t\t<h1><span style=\"color: #171717;\">\u00c9rkez\u00e9skor<\/span><\/h1>\n<p>egy gondosan \u00f6ssze\u00e1ll\u00edtott, helyi termel\u0151kt\u0151l sz\u00e1rmaz\u00f3 \u00fcdv\u00f6zl\u0151 csomag v\u00e1r:<\/p>\n<ul>\n<li>Szarvasi h\u00e1zi lekv\u00e1r, aszaltgy\u00fcm\u00f6lcs, ital (alkoholos, vagy alkoholmentes)<\/li>\n<li>Palov\u2019s welcome gasztro aj\u00e1nd\u00e9k<\/li>\n<\/ul>\n<h1><span style=\"color: #171717;\">M\u00e1snap reggel<\/span><\/h1>\n<p>h\u00e1zias friss p\u00e9ks\u00fctem\u00e9nnyel, k\u00e9zm\u0171ves finoms\u00e1gokkal, szezon\u00e1lis alapanyagokkal \u00f6ssze\u00e1ll\u00edtott kos\u00e1r v\u00e1r a kapuban.<\/p>\n<ul>\n<li>Kb 2-3 napra elegend\u0151 helyi termel\u0151i finoms\u00e1gok az \u00e9rkez\u00e9s ut\u00e1ni els\u0151 reggelen kisz\u00e1ll\u00edtva (kolb\u00e1sz, sonka, friss kov\u00e1szos cip\u00f3, croissant, helyi kem\u00e9ny sajt , friss burrata, z\u00f6lds\u00e9gkr\u00e9mek (padlizs\u00e1nkr\u00e9m, zakuszka), szezon\u00e1lis z\u00f6lds\u00e9gek, gy\u00fcm\u00f6lcsl\u00e9.<\/li>\n<li>Ha elfogy, sz\u00f3lj \u00e9s visz\u00fcnk \u00fajat.<\/li>\n<\/ul>\t\t\t\t\t\t\t\t<\/div>\n\t\t\t\t<\/div>\n\t\t\t\t<div class=\"elementor-element elementor-element-1c646bb elementor-widget-divider--view-line elementor-widget elementor-widget-divider\" data-id=\"1c646bb\" data-element_type=\"widget\" data-e-type=\"widget\" data-widget_type=\"divider.default\">\n\t\t\t\t<div class=\"elementor-widget-container\">\n\t\t\t\t\t\t\t<div class=\"elementor-divider\">\n\t\t\t<span class=\"elementor-divider-separator\">\n\t\t\t\t\t\t<\/span>\n\t\t<\/div>\n\t\t\t\t\t\t<\/div>\n\t\t\t\t<\/div>\n\t\t\t\t<\/div>\n\t\t<div class=\"elementor-element elementor-element-74c3f0b e-con-full e-flex e-con e-child\" data-id=\"74c3f0b\" data-element_type=\"container\" data-e-type=\"container\">\n\t\t\t\t<div class=\"elementor-element elementor-element-4011465 elementor-widget__width-initial elementor-widget-mobile__width-initial elementor-widget elementor-widget-image\" data-id=\"4011465\" data-element_type=\"widget\" data-e-type=\"widget\" data-widget_type=\"image.default\">\n\t\t\t\t<div class=\"elementor-widget-container\">\n\t\t\t\t\t\t\t\t\t\t\t\t\t\t\t<img fetchpriority=\"high\" decoding=\"async\" width=\"800\" height=\"800\" src=\"https:\/\/palovs.hu\/wp-content\/uploads\/2026\/04\/Gasztro-elmenycsomag-asztali-terites.webp\" class=\"attachment-full size-full wp-image-8659\" alt=\"\" srcset=\"https:\/\/palovs.hu\/wp-content\/uploads\/2026\/04\/Gasztro-elmenycsomag-asztali-terites.webp 800w, https:\/\/palovs.hu\/wp-content\/uploads\/2026\/04\/Gasztro-elmenycsomag-asztali-terites-300x300.webp 300w, https:\/\/palovs.hu\/wp-content\/uploads\/2026\/04\/Gasztro-elmenycsomag-asztali-terites-150x150.webp 150w, https:\/\/palovs.hu\/wp-content\/uploads\/2026\/04\/Gasztro-elmenycsomag-asztali-terites-768x768.webp 768w, https:\/\/palovs.hu\/wp-content\/uploads\/2026\/04\/Gasztro-elmenycsomag-asztali-terites-12x12.webp 12w\" sizes=\"(max-width: 800px) 100vw, 800px\" \/>\t\t\t\t\t\t\t\t\t\t\t\t\t\t\t<\/div>\n\t\t\t\t<\/div>\n\t\t\t\t<div class=\"elementor-element elementor-element-974d95f elementor-align-center elementor-widget elementor-widget-button\" data-id=\"974d95f\" data-element_type=\"widget\" data-e-type=\"widget\" data-widget_type=\"button.default\">\n\t\t\t\t<div class=\"elementor-widget-container\">\n\t\t\t\t\t\t\t\t\t<div class=\"elementor-button-wrapper\">\n\t\t\t\t\t<a class=\"elementor-button elementor-button-link elementor-size-sm\" href=\"https:\/\/palovs.hu\/ro\/palovs-ocupat\/\">\n\t\t\t\t\t\t<span class=\"elementor-button-content-wrapper\">\n\t\t\t\t\t\t\t\t\t<span class=\"elementor-button-text\">Rezervare<\/span>\n\t\t\t\t\t<\/span>\n\t\t\t\t\t<\/a>\n\t\t\t\t<\/div>\n\t\t\t\t\t\t\t\t<\/div>\n\t\t\t\t<\/div>\n\t\t\t\t<\/div>\n\t\t\t\t<\/div>\n\t\t\t\t\t<\/div>\n\t\t\t\t<\/div>\n\t\t<div class=\"elementor-element elementor-element-d9e73fb elementor-hidden-desktop elementor-hidden-tablet e-flex e-con-boxed e-con e-parent\" data-id=\"d9e73fb\" data-element_type=\"container\" data-e-type=\"container\">\n\t\t\t\t\t<div class=\"e-con-inner\">\n\t\t\t\t<div class=\"elementor-element elementor-element-5b5f3fa elementor-widget elementor-widget-heading\" data-id=\"5b5f3fa\" data-element_type=\"widget\" data-e-type=\"widget\" data-widget_type=\"heading.default\">\n\t\t\t\t<div class=\"elementor-widget-container\">\n\t\t\t\t\t<h2 class=\"elementor-heading-title elementor-size-default\">Szarvasi \u00cdzek - <\/h2>\t\t\t\t<\/div>\n\t\t\t\t<\/div>\n\t\t\t\t<div class=\"elementor-element elementor-element-3c9e63b elementor-widget elementor-widget-heading\" data-id=\"3c9e63b\" data-element_type=\"widget\" data-e-type=\"widget\" data-widget_type=\"heading.default\">\n\t\t\t\t<div class=\"elementor-widget-container\">\n\t\t\t\t\t<h2 class=\"elementor-heading-title elementor-size-default\">Pachet de experien\u021b\u0103 gastronomic\u0103<\/h2>\t\t\t\t<\/div>\n\t\t\t\t<\/div>\n\t\t\t\t<div class=\"elementor-element elementor-element-79f23c4 elementor-widget elementor-widget-text-editor\" data-id=\"79f23c4\" data-element_type=\"widget\" data-e-type=\"widget\" data-widget_type=\"text-editor.default\">\n\t\t\t\t<div class=\"elementor-widget-container\">\n\t\t\t\t\t\t\t\t\t<p>Dac\u0103 dori\u021bi ca fiecare moment al sejurului dvs. s\u0103 fie special, pute\u021bi solicita un co\u0219 gastronomic cu ingrediente locale. Pachetul este alc\u0103tuit dintr-o selec\u021bie de delicatese de la produc\u0103tori din Sarva \u0219i din \u00eemprejurimi, cu arome reale ale regiunii.<\/p>\t\t\t\t\t\t\t\t<\/div>\n\t\t\t\t<\/div>\n\t\t\t\t\t<\/div>\n\t\t\t\t<\/div>\n\t\t<div class=\"elementor-element elementor-element-f1c193f e-flex e-con-boxed e-con e-parent\" data-id=\"f1c193f\" data-element_type=\"container\" data-e-type=\"container\">\n\t\t\t\t\t<div class=\"e-con-inner\">\n\t\t\t\t<div class=\"elementor-element elementor-element-e8eb478 elementor-widget elementor-widget-spacer\" data-id=\"e8eb478\" data-element_type=\"widget\" data-e-type=\"widget\" data-widget_type=\"spacer.default\">\n\t\t\t\t<div class=\"elementor-widget-container\">\n\t\t\t\t\t\t\t<div class=\"elementor-spacer\">\n\t\t\t<div class=\"elementor-spacer-inner\"><\/div>\n\t\t<\/div>\n\t\t\t\t\t\t<\/div>\n\t\t\t\t<\/div>\n\t\t\t\t\t<\/div>\n\t\t\t\t<\/div>\n\t\t<div class=\"elementor-element elementor-element-0144f3f elementor-hidden-desktop elementor-hidden-tablet e-flex e-con-boxed e-con e-parent\" data-id=\"0144f3f\" data-element_type=\"container\" data-e-type=\"container\" data-settings=\"{&quot;background_background&quot;:&quot;classic&quot;}\">\n\t\t\t\t\t<div class=\"e-con-inner\">\n\t\t\t\t<div class=\"elementor-element elementor-element-5a0f011 elementor-widget-divider--view-line elementor-widget elementor-widget-divider\" data-id=\"5a0f011\" data-element_type=\"widget\" data-e-type=\"widget\" data-widget_type=\"divider.default\">\n\t\t\t\t<div class=\"elementor-widget-container\">\n\t\t\t\t\t\t\t<div class=\"elementor-divider\">\n\t\t\t<span class=\"elementor-divider-separator\">\n\t\t\t\t\t\t<\/span>\n\t\t<\/div>\n\t\t\t\t\t\t<\/div>\n\t\t\t\t<\/div>\n\t\t\t\t<div class=\"elementor-element elementor-element-3c1c076 elementor-widget elementor-widget-text-editor\" data-id=\"3c1c076\" data-element_type=\"widget\" data-e-type=\"widget\" data-widget_type=\"text-editor.default\">\n\t\t\t\t<div class=\"elementor-widget-container\">\n\t\t\t\t\t\t\t\t\t<h1><span style=\"color: #171717;\">\u00c9rkez\u00e9skor<\/span><\/h1><p>egy gondosan \u00f6ssze\u00e1ll\u00edtott, helyi termel\u0151kt\u0151l sz\u00e1rmaz\u00f3 \u00fcdv\u00f6zl\u0151 csomag v\u00e1r:<\/p><ul><li>Szarvasi h\u00e1zi lekv\u00e1r, aszaltgy\u00fcm\u00f6lcs, ital (alkoholos, vagy alkoholmentes)<\/li><li>Palov\u2019s welcome gasztro aj\u00e1nd\u00e9k<\/li><\/ul><h1><span style=\"color: #171717;\"><br \/>M\u00e1snap reggel<\/span><\/h1><p>h\u00e1zias friss p\u00e9ks\u00fctem\u00e9nnyel, k\u00e9zm\u0171ves finoms\u00e1gokkal, szezon\u00e1lis alapanyagokkal \u00f6ssze\u00e1ll\u00edtott kos\u00e1r v\u00e1r a kapuban.<\/p><ul><li>Kb 2-3 napra elegend\u0151 helyi termel\u0151i finoms\u00e1gok a foglal\u00e1s ut\u00e1ni els\u0151 reggelen kisz\u00e1ll\u00edtva\/el\u0151re egyeztetett reggeli id\u0151pontra (kolb\u00e1sz, sonka, friss kov\u00e1szos cip\u00f3, croissant, helyi sajt a Cervinus Sajtmanufakt\u00far\u00e1t\u00f3l, friss burrata a Szarvasi Mozzarell\u00e1t\u00f3l, Editke n\u00e9ni kenc\u00e9i (padlizs\u00e1nkr\u00e9m, zakuszka, gy\u00fcm\u00f6lcsl\u00e9), szezon\u00e1lis z\u00f6lds\u00e9gek.<\/li><li>Ha elfogy, sz\u00f3lj \u00e9s visz\u00fcnk \u00fajat.<\/li><\/ul>\t\t\t\t\t\t\t\t<\/div>\n\t\t\t\t<\/div>\n\t\t\t\t<div class=\"elementor-element elementor-element-4a26392 elementor-widget-divider--view-line elementor-widget elementor-widget-divider\" data-id=\"4a26392\" data-element_type=\"widget\" data-e-type=\"widget\" data-widget_type=\"divider.default\">\n\t\t\t\t<div class=\"elementor-widget-container\">\n\t\t\t\t\t\t\t<div class=\"elementor-divider\">\n\t\t\t<span class=\"elementor-divider-separator\">\n\t\t\t\t\t\t<\/span>\n\t\t<\/div>\n\t\t\t\t\t\t<\/div>\n\t\t\t\t<\/div>\n\t\t<div class=\"elementor-element elementor-element-400451c e-con-full e-flex e-con e-child\" data-id=\"400451c\" data-element_type=\"container\" data-e-type=\"container\">\n\t\t\t\t<div class=\"elementor-element elementor-element-d14e641 elementor-widget__width-initial elementor-widget-mobile__width-initial elementor-widget elementor-widget-image\" data-id=\"d14e641\" data-element_type=\"widget\" data-e-type=\"widget\" data-widget_type=\"image.default\">\n\t\t\t\t<div class=\"elementor-widget-container\">\n\t\t\t\t\t\t\t\t\t\t\t\t\t\t\t<img decoding=\"async\" width=\"800\" height=\"800\" src=\"https:\/\/palovs.hu\/wp-content\/uploads\/2026\/04\/Gasztro-elmenycsomag-asztali-terites.webp\" class=\"attachment-large size-large wp-image-8659\" alt=\"\" srcset=\"https:\/\/palovs.hu\/wp-content\/uploads\/2026\/04\/Gasztro-elmenycsomag-asztali-terites.webp 800w, https:\/\/palovs.hu\/wp-content\/uploads\/2026\/04\/Gasztro-elmenycsomag-asztali-terites-300x300.webp 300w, https:\/\/palovs.hu\/wp-content\/uploads\/2026\/04\/Gasztro-elmenycsomag-asztali-terites-150x150.webp 150w, https:\/\/palovs.hu\/wp-content\/uploads\/2026\/04\/Gasztro-elmenycsomag-asztali-terites-768x768.webp 768w, https:\/\/palovs.hu\/wp-content\/uploads\/2026\/04\/Gasztro-elmenycsomag-asztali-terites-12x12.webp 12w\" sizes=\"(max-width: 800px) 100vw, 800px\" \/>\t\t\t\t\t\t\t\t\t\t\t\t\t\t\t<\/div>\n\t\t\t\t<\/div>\n\t\t\t\t<\/div>\n\t\t\t\t<div class=\"elementor-element elementor-element-69b8d36 elementor-align-center elementor-widget elementor-widget-button\" data-id=\"69b8d36\" data-element_type=\"widget\" data-e-type=\"widget\" data-widget_type=\"button.default\">\n\t\t\t\t<div class=\"elementor-widget-container\">\n\t\t\t\t\t\t\t\t\t<div class=\"elementor-button-wrapper\">\n\t\t\t\t\t<a class=\"elementor-button elementor-button-link elementor-size-sm\" href=\"https:\/\/palovs.hu\/ro\/palovs-ocupat\/\">\n\t\t\t\t\t\t<span class=\"elementor-button-content-wrapper\">\n\t\t\t\t\t\t\t\t\t<span class=\"elementor-button-text\">Rezervare<\/span>\n\t\t\t\t\t<\/span>\n\t\t\t\t\t<\/a>\n\t\t\t\t<\/div>\n\t\t\t\t\t\t\t\t<\/div>\n\t\t\t\t<\/div>\n\t\t\t\t\t<\/div>\n\t\t\t\t<\/div>\n\t\t\t\t<\/div>","protected":false},"excerpt":{"rendered":"<p>Szarvasi \u00cdzek &#8211; Gasztro \u00c9lm\u00e9nycsomag Ha szeretn\u00e9tek, hogy az itt t\u00f6lt\u00f6tt napok minden pillanata k\u00fcl\u00f6nleges legyen, k\u00e9rhettek egy helyi alapanyagokb\u00f3l \u00f6ssze\u00e1ll\u00edtott gourmet kosarat. A csomag szarvasi \u00e9s k\u00f6rny\u00e9kbeli termel\u0151k v\u00e1logatott finoms\u00e1gaib\u00f3l \u00e1ll, a vid\u00e9k val\u00f3di \u00edzeivel. \u00c9rkez\u00e9skor egy gondosan \u00f6ssze\u00e1ll\u00edtott, helyi termel\u0151kt\u0151l sz\u00e1rmaz\u00f3 \u00fcdv\u00f6zl\u0151 csomag v\u00e1r: Szarvasi h\u00e1zi lekv\u00e1r, aszaltgy\u00fcm\u00f6lcs, ital (alkoholos, vagy alkoholmentes) Palov\u2019s [&hellip;]<\/p>\n","protected":false},"author":1,"featured_media":0,"parent":0,"menu_order":6,"comment_status":"closed","ping_status":"closed","template":"","meta":{"footnotes":""},"class_list":["post-7229","page","type-page","status-publish","hentry"],"yoast_head":"<!-- This site is optimized with the Yoast SEO Premium plugin v27.3 (Yoast SEO v27.3) - https:\/\/yoast.com\/product\/yoast-seo-premium-wordpress\/ -->\n<title>Szarvasi \u00cdzek \u2013 Gasztro \u00c9lm\u00e9nycsomag<\/title>\n<meta name=\"description\" content=\"\u00c9rkez\u00e9skor egy gondosan \u00f6ssze\u00e1ll\u00edtott, helyi termel\u0151kt\u0151l sz\u00e1rmaz\u00f3 welcome csomag v\u00e1r, benne szarvasi szilvalekv\u00e1rral, levendul\u00e1val, k\u00e9zm\u0171ves sz\u00f6rppel \u00e9s s\u00f6r\u00f6kkel.\" \/>\n<meta name=\"robots\" content=\"index, follow, max-snippet:-1, max-image-preview:large, max-video-preview:-1\" \/>\n<link rel=\"canonical\" href=\"https:\/\/palovs.hu\/ro\/szarvasi-izek-gasztro-elmenycsomag\/\" \/>\n<meta property=\"og:locale\" content=\"ro_RO\" \/>\n<meta property=\"og:type\" content=\"article\" \/>\n<meta property=\"og:title\" content=\"Szarvasi \u00cdzek - Gasztro \u00c9lm\u00e9nycsomag\" \/>\n<meta property=\"og:description\" content=\"\u00c9rkez\u00e9skor egy gondosan \u00f6ssze\u00e1ll\u00edtott, helyi termel\u0151kt\u0151l sz\u00e1rmaz\u00f3 welcome csomag v\u00e1r, benne szarvasi szilvalekv\u00e1rral, levendul\u00e1val, k\u00e9zm\u0171ves sz\u00f6rppel \u00e9s s\u00f6r\u00f6kkel.\" \/>\n<meta property=\"og:url\" content=\"https:\/\/palovs.hu\/ro\/szarvasi-izek-gasztro-elmenycsomag\/\" \/>\n<meta property=\"og:site_name\" content=\"Palov&#039;s vend\u00e9gh\u00e1z\" \/>\n<meta property=\"article:publisher\" content=\"https:\/\/www.facebook.com\/palovs.szarvas\" \/>\n<meta property=\"article:modified_time\" content=\"2026-04-13T11:58:01+00:00\" \/>\n<meta property=\"og:image\" content=\"https:\/\/palovs.hu\/wp-content\/uploads\/2026\/04\/Gasztro-elmenycsomag-asztali-terites.webp\" \/>\n\t<meta property=\"og:image:width\" content=\"800\" \/>\n\t<meta property=\"og:image:height\" content=\"800\" \/>\n\t<meta property=\"og:image:type\" content=\"image\/webp\" \/>\n<meta name=\"twitter:card\" content=\"summary_large_image\" \/>\n<meta name=\"twitter:title\" content=\"Gasztro \u00c9lm\u00e9nycsomag\" \/>\n<meta name=\"twitter:label1\" content=\"Timp estimat pentru citire\" \/>\n\t<meta name=\"twitter:data1\" content=\"2 minute\" \/>\n<script type=\"application\/ld+json\" class=\"yoast-schema-graph\">{\"@context\":\"https:\\\/\\\/schema.org\",\"@graph\":[{\"@type\":\"WebPage\",\"@id\":\"https:\\\/\\\/palovs.hu\\\/szarvasi-izek-gasztro-elmenycsomag\\\/\",\"url\":\"https:\\\/\\\/palovs.hu\\\/szarvasi-izek-gasztro-elmenycsomag\\\/\",\"name\":\"Szarvasi \u00cdzek \u2013 Gasztro \u00c9lm\u00e9nycsomag\",\"isPartOf\":{\"@id\":\"https:\\\/\\\/palovs.hu\\\/#website\"},\"primaryImageOfPage\":{\"@id\":\"https:\\\/\\\/palovs.hu\\\/szarvasi-izek-gasztro-elmenycsomag\\\/#primaryimage\"},\"image\":{\"@id\":\"https:\\\/\\\/palovs.hu\\\/szarvasi-izek-gasztro-elmenycsomag\\\/#primaryimage\"},\"thumbnailUrl\":\"https:\\\/\\\/palovs.hu\\\/wp-content\\\/uploads\\\/2026\\\/04\\\/Gasztro-elmenycsomag-asztali-terites.webp\",\"datePublished\":\"2026-03-21T11:33:59+00:00\",\"dateModified\":\"2026-04-13T11:58:01+00:00\",\"description\":\"\u00c9rkez\u00e9skor egy gondosan \u00f6ssze\u00e1ll\u00edtott, helyi termel\u0151kt\u0151l sz\u00e1rmaz\u00f3 welcome csomag v\u00e1r, benne szarvasi szilvalekv\u00e1rral, levendul\u00e1val, k\u00e9zm\u0171ves sz\u00f6rppel \u00e9s s\u00f6r\u00f6kkel.\",\"breadcrumb\":{\"@id\":\"https:\\\/\\\/palovs.hu\\\/szarvasi-izek-gasztro-elmenycsomag\\\/#breadcrumb\"},\"inLanguage\":\"ro-RO\",\"potentialAction\":[{\"@type\":\"ReadAction\",\"target\":[\"https:\\\/\\\/palovs.hu\\\/szarvasi-izek-gasztro-elmenycsomag\\\/\"]}]},{\"@type\":\"ImageObject\",\"inLanguage\":\"ro-RO\",\"@id\":\"https:\\\/\\\/palovs.hu\\\/szarvasi-izek-gasztro-elmenycsomag\\\/#primaryimage\",\"url\":\"https:\\\/\\\/palovs.hu\\\/wp-content\\\/uploads\\\/2026\\\/04\\\/Gasztro-elmenycsomag-asztali-terites.webp\",\"contentUrl\":\"https:\\\/\\\/palovs.hu\\\/wp-content\\\/uploads\\\/2026\\\/04\\\/Gasztro-elmenycsomag-asztali-terites.webp\"},{\"@type\":\"BreadcrumbList\",\"@id\":\"https:\\\/\\\/palovs.hu\\\/szarvasi-izek-gasztro-elmenycsomag\\\/#breadcrumb\",\"itemListElement\":[{\"@type\":\"ListItem\",\"position\":1,\"name\":\"Home\",\"item\":\"https:\\\/\\\/palovs.hu\\\/\"},{\"@type\":\"ListItem\",\"position\":2,\"name\":\"Gasztro \u00c9lm\u00e9nycsomag\"}]},{\"@type\":\"WebSite\",\"@id\":\"https:\\\/\\\/palovs.hu\\\/#website\",\"url\":\"https:\\\/\\\/palovs.hu\\\/\",\"name\":\"Palov's Vend\u00e9gh\u00e1z\",\"description\":\"V\u00edzparti nyaral\u00f3 a K\u00f6r\u00f6s partj\u00e1n\",\"publisher\":{\"@id\":\"https:\\\/\\\/palovs.hu\\\/#organization\"},\"potentialAction\":[{\"@type\":\"SearchAction\",\"target\":{\"@type\":\"EntryPoint\",\"urlTemplate\":\"https:\\\/\\\/palovs.hu\\\/?s={search_term_string}\"},\"query-input\":{\"@type\":\"PropertyValueSpecification\",\"valueRequired\":true,\"valueName\":\"search_term_string\"}}],\"inLanguage\":\"ro-RO\"},{\"@type\":\"Organization\",\"@id\":\"https:\\\/\\\/palovs.hu\\\/#organization\",\"name\":\"Palov's vend\u00e9gh\u00e1z\",\"url\":\"https:\\\/\\\/palovs.hu\\\/\",\"logo\":{\"@type\":\"ImageObject\",\"inLanguage\":\"ro-RO\",\"@id\":\"https:\\\/\\\/palovs.hu\\\/#\\\/schema\\\/logo\\\/image\\\/\",\"url\":\"https:\\\/\\\/palovs.hu\\\/wp-content\\\/uploads\\\/2025\\\/05\\\/cropped-Site-icon-palovs.png\",\"contentUrl\":\"https:\\\/\\\/palovs.hu\\\/wp-content\\\/uploads\\\/2025\\\/05\\\/cropped-Site-icon-palovs.png\",\"width\":512,\"height\":512,\"caption\":\"Palov's vend\u00e9gh\u00e1z\"},\"image\":{\"@id\":\"https:\\\/\\\/palovs.hu\\\/#\\\/schema\\\/logo\\\/image\\\/\"},\"sameAs\":[\"https:\\\/\\\/www.facebook.com\\\/palovs.szarvas\"]}]}<\/script>\n<!-- \/ Yoast SEO Premium plugin. -->","yoast_head_json":{"title":"Szarvasi \u00cdzek \u2013 Gasztro \u00c9lm\u00e9nycsomag","description":"\u00c9rkez\u00e9skor egy gondosan \u00f6ssze\u00e1ll\u00edtott, helyi termel\u0151kt\u0151l sz\u00e1rmaz\u00f3 welcome csomag v\u00e1r, benne szarvasi szilvalekv\u00e1rral, levendul\u00e1val, k\u00e9zm\u0171ves sz\u00f6rppel \u00e9s s\u00f6r\u00f6kkel.","robots":{"index":"index","follow":"follow","max-snippet":"max-snippet:-1","max-image-preview":"max-image-preview:large","max-video-preview":"max-video-preview:-1"},"canonical":"https:\/\/palovs.hu\/ro\/szarvasi-izek-gasztro-elmenycsomag\/","og_locale":"ro_RO","og_type":"article","og_title":"Szarvasi \u00cdzek - Gasztro \u00c9lm\u00e9nycsomag","og_description":"\u00c9rkez\u00e9skor egy gondosan \u00f6ssze\u00e1ll\u00edtott, helyi termel\u0151kt\u0151l sz\u00e1rmaz\u00f3 welcome csomag v\u00e1r, benne szarvasi szilvalekv\u00e1rral, levendul\u00e1val, k\u00e9zm\u0171ves sz\u00f6rppel \u00e9s s\u00f6r\u00f6kkel.","og_url":"https:\/\/palovs.hu\/ro\/szarvasi-izek-gasztro-elmenycsomag\/","og_site_name":"Palov&#039;s vend\u00e9gh\u00e1z","article_publisher":"https:\/\/www.facebook.com\/palovs.szarvas","article_modified_time":"2026-04-13T11:58:01+00:00","og_image":[{"width":800,"height":800,"url":"https:\/\/palovs.hu\/wp-content\/uploads\/2026\/04\/Gasztro-elmenycsomag-asztali-terites.webp","type":"image\/webp"}],"twitter_card":"summary_large_image","twitter_title":"Gasztro \u00c9lm\u00e9nycsomag","twitter_misc":{"Timp estimat pentru citire":"2 minute"},"schema":{"@context":"https:\/\/schema.org","@graph":[{"@type":"WebPage","@id":"https:\/\/palovs.hu\/szarvasi-izek-gasztro-elmenycsomag\/","url":"https:\/\/palovs.hu\/szarvasi-izek-gasztro-elmenycsomag\/","name":"Szarvasi \u00cdzek \u2013 Gasztro \u00c9lm\u00e9nycsomag","isPartOf":{"@id":"https:\/\/palovs.hu\/#website"},"primaryImageOfPage":{"@id":"https:\/\/palovs.hu\/szarvasi-izek-gasztro-elmenycsomag\/#primaryimage"},"image":{"@id":"https:\/\/palovs.hu\/szarvasi-izek-gasztro-elmenycsomag\/#primaryimage"},"thumbnailUrl":"https:\/\/palovs.hu\/wp-content\/uploads\/2026\/04\/Gasztro-elmenycsomag-asztali-terites.webp","datePublished":"2026-03-21T11:33:59+00:00","dateModified":"2026-04-13T11:58:01+00:00","description":"\u00c9rkez\u00e9skor egy gondosan \u00f6ssze\u00e1ll\u00edtott, helyi termel\u0151kt\u0151l sz\u00e1rmaz\u00f3 welcome csomag v\u00e1r, benne szarvasi szilvalekv\u00e1rral, levendul\u00e1val, k\u00e9zm\u0171ves sz\u00f6rppel \u00e9s s\u00f6r\u00f6kkel.","breadcrumb":{"@id":"https:\/\/palovs.hu\/szarvasi-izek-gasztro-elmenycsomag\/#breadcrumb"},"inLanguage":"ro-RO","potentialAction":[{"@type":"ReadAction","target":["https:\/\/palovs.hu\/szarvasi-izek-gasztro-elmenycsomag\/"]}]},{"@type":"ImageObject","inLanguage":"ro-RO","@id":"https:\/\/palovs.hu\/szarvasi-izek-gasztro-elmenycsomag\/#primaryimage","url":"https:\/\/palovs.hu\/wp-content\/uploads\/2026\/04\/Gasztro-elmenycsomag-asztali-terites.webp","contentUrl":"https:\/\/palovs.hu\/wp-content\/uploads\/2026\/04\/Gasztro-elmenycsomag-asztali-terites.webp"},{"@type":"BreadcrumbList","@id":"https:\/\/palovs.hu\/szarvasi-izek-gasztro-elmenycsomag\/#breadcrumb","itemListElement":[{"@type":"ListItem","position":1,"name":"Home","item":"https:\/\/palovs.hu\/"},{"@type":"ListItem","position":2,"name":"Gasztro \u00c9lm\u00e9nycsomag"}]},{"@type":"WebSite","@id":"https:\/\/palovs.hu\/#website","url":"https:\/\/palovs.hu\/","name":"Casa de oaspe\u021bi Palov","description":"Cas\u0103 de vacan\u021b\u0103 pe malul apei, pe malul r\u00e2ului K\u00f6r\u00f6s","publisher":{"@id":"https:\/\/palovs.hu\/#organization"},"potentialAction":[{"@type":"SearchAction","target":{"@type":"EntryPoint","urlTemplate":"https:\/\/palovs.hu\/?s={search_term_string}"},"query-input":{"@type":"PropertyValueSpecification","valueRequired":true,"valueName":"search_term_string"}}],"inLanguage":"ro-RO"},{"@type":"Organization","@id":"https:\/\/palovs.hu\/#organization","name":"Casa de oaspe\u021bi Palov","url":"https:\/\/palovs.hu\/","logo":{"@type":"ImageObject","inLanguage":"ro-RO","@id":"https:\/\/palovs.hu\/#\/schema\/logo\/image\/","url":"https:\/\/palovs.hu\/wp-content\/uploads\/2025\/05\/cropped-Site-icon-palovs.png","contentUrl":"https:\/\/palovs.hu\/wp-content\/uploads\/2025\/05\/cropped-Site-icon-palovs.png","width":512,"height":512,"caption":"Palov's vend\u00e9gh\u00e1z"},"image":{"@id":"https:\/\/palovs.hu\/#\/schema\/logo\/image\/"},"sameAs":["https:\/\/www.facebook.com\/palovs.szarvas"]}]}},"_links":{"self":[{"href":"https:\/\/palovs.hu\/ro\/wp-json\/wp\/v2\/pages\/7229","targetHints":{"allow":["GET"]}}],"collection":[{"href":"https:\/\/palovs.hu\/ro\/wp-json\/wp\/v2\/pages"}],"about":[{"href":"https:\/\/palovs.hu\/ro\/wp-json\/wp\/v2\/types\/page"}],"author":[{"embeddable":true,"href":"https:\/\/palovs.hu\/ro\/wp-json\/wp\/v2\/users\/1"}],"replies":[{"embeddable":true,"href":"https:\/\/palovs.hu\/ro\/wp-json\/wp\/v2\/comments?post=7229"}],"version-history":[{"count":172,"href":"https:\/\/palovs.hu\/ro\/wp-json\/wp\/v2\/pages\/7229\/revisions"}],"predecessor-version":[{"id":8717,"href":"https:\/\/palovs.hu\/ro\/wp-json\/wp\/v2\/pages\/7229\/revisions\/8717"}],"wp:attachment":[{"href":"https:\/\/palovs.hu\/ro\/wp-json\/wp\/v2\/media?parent=7229"}],"curies":[{"name":"wp","href":"https:\/\/api.w.org\/{rel}","templated":true}]}}