{"id":5611,"date":"2025-04-26T14:07:11","date_gmt":"2025-04-26T14:07:11","guid":{"rendered":"https:\/\/palovs.hu\/?page_id=5611"},"modified":"2026-03-22T13:50:27","modified_gmt":"2026-03-22T13:50:27","slug":"rolunk","status":"publish","type":"page","link":"https:\/\/palovs.hu\/ro\/rolunk\/","title":{"rendered":"Despre noi"},"content":{"rendered":"<div data-elementor-type=\"wp-page\" data-elementor-id=\"5611\" class=\"elementor elementor-5611\" data-elementor-post-type=\"page\">\n\t\t\t\t<div class=\"elementor-element elementor-element-30e965a e-flex e-con-boxed e-con e-parent\" data-id=\"30e965a\" data-element_type=\"container\" data-e-type=\"container\">\n\t\t\t\t\t<div class=\"e-con-inner\">\n\t\t<div class=\"elementor-element elementor-element-9f079d2 e-con-full e-flex e-con e-child\" data-id=\"9f079d2\" data-element_type=\"container\" data-e-type=\"container\" data-settings=\"{&quot;background_background&quot;:&quot;classic&quot;}\">\n\t\t<div class=\"elementor-element elementor-element-c2ddc2c e-con-full e-flex e-con e-child\" data-id=\"c2ddc2c\" data-element_type=\"container\" data-e-type=\"container\">\n\t\t\t\t<div class=\"elementor-element elementor-element-b8c525b elementor-widget-divider--view-line elementor-widget elementor-widget-divider\" data-id=\"b8c525b\" data-element_type=\"widget\" data-e-type=\"widget\" data-widget_type=\"divider.default\">\n\t\t\t\t<div class=\"elementor-widget-container\">\n\t\t\t\t\t\t\t<div class=\"elementor-divider\">\n\t\t\t<span class=\"elementor-divider-separator\">\n\t\t\t\t\t\t<\/span>\n\t\t<\/div>\n\t\t\t\t\t\t<\/div>\n\t\t\t\t<\/div>\n\t\t\t\t<div class=\"elementor-element elementor-element-268f8ee elementor-widget__width-initial elementor-widget elementor-widget-text-editor\" data-id=\"268f8ee\" data-element_type=\"widget\" data-e-type=\"widget\" data-widget_type=\"text-editor.default\">\n\t\t\t\t<div class=\"elementor-widget-container\">\n\t\t\t\t\t\t\t\t\t<p data-start=\"228\" data-end=\"609\">\"Pentru mine, Szarvas nu este doar un or\u0103\u0219el din B\u00e9k\u00e9s, ci un muzeu viu, unde istoria, cultura \u0219i valorile umane sunt vizibile dup\u0103 fiecare col\u021b. Cred c\u0103 crearea de valoare nu este doar o realizare, ci \u0219i o responsabilitate. Spiritul cl\u0103dirilor de apartamente Palov duce mai departe aceast\u0103 mo\u0219tenire: bucuria de a crea, dorin\u021ba de a \u00eengriji \u0219i angajamentul fa\u021b\u0103 de comunitate. Scopul meu este s\u0103 creez spa\u021bii \u00een care at\u00e2t corpul, c\u00e2t \u0219i sufletul se pot odihni \u0219i reconecta pentru o via\u021b\u0103 lung\u0103 \u0219i plin\u0103 de satisfac\u021bii.<\/p><p data-start=\"228\" data-end=\"609\">Palov's se afl\u0103 \u00een familia mea \u00eenc\u0103 din anii 1950. Ini\u021bial o caban\u0103 de pescuit, a fost renovat\u0103 pentru prima dat\u0103 \u00een 1993 pentru a o aduce la zi, iar \u00een 2023 a fost renovat\u0103 din nou pentru a deveni o cas\u0103 de vacan\u021b\u0103 la malul m\u0103rii pentru oaspe\u021bi. La \u00eenceputul sezonului, eu personal petrec c\u00e2teva zile aici pentru a m\u0103 asigura c\u0103 fiecare mic detaliu este acolo pentru confortul oaspe\u021bilor no\u0219tri.\"<\/p>\t\t\t\t\t\t\t\t<\/div>\n\t\t\t\t<\/div>\n\t\t\t\t<div class=\"elementor-element elementor-element-ebe6074 elementor-widget__width-initial elementor-widget-mobile__width-inherit elementor-widget elementor-widget-heading\" data-id=\"ebe6074\" data-element_type=\"widget\" data-e-type=\"widget\" data-widget_type=\"heading.default\">\n\t\t\t\t<div class=\"elementor-widget-container\">\n\t\t\t\t\t<h4 class=\"elementor-heading-title elementor-size-default\">Katalin Sebesty\u00e9n - Fondator al SPALOV Residences<\/h4>\t\t\t\t<\/div>\n\t\t\t\t<\/div>\n\t\t\t\t<div class=\"elementor-element elementor-element-8cd5f55 elementor-widget-divider--view-line elementor-widget elementor-widget-divider\" data-id=\"8cd5f55\" data-element_type=\"widget\" data-e-type=\"widget\" data-widget_type=\"divider.default\">\n\t\t\t\t<div class=\"elementor-widget-container\">\n\t\t\t\t\t\t\t<div class=\"elementor-divider\">\n\t\t\t<span class=\"elementor-divider-separator\">\n\t\t\t\t\t\t<\/span>\n\t\t<\/div>\n\t\t\t\t\t\t<\/div>\n\t\t\t\t<\/div>\n\t\t\t\t<\/div>\n\t\t<div class=\"elementor-element elementor-element-ea9b28e e-con-full e-flex e-con e-child\" data-id=\"ea9b28e\" data-element_type=\"container\" data-e-type=\"container\">\n\t\t\t\t<div class=\"elementor-element elementor-element-81ac609 elementor-widget__width-initial elementor-widget-mobile__width-initial elementor-widget elementor-widget-image\" data-id=\"81ac609\" data-element_type=\"widget\" data-e-type=\"widget\" data-widget_type=\"image.default\">\n\t\t\t\t<div class=\"elementor-widget-container\">\n\t\t\t\t\t\t\t\t\t\t\t\t\t\t\t<img fetchpriority=\"high\" decoding=\"async\" width=\"800\" height=\"800\" src=\"https:\/\/palovs.hu\/wp-content\/uploads\/2025\/05\/Sebestyen-Katalin-Palovs-vendeghaz.webp\" class=\"attachment-large size-large wp-image-6795\" alt=\"Katalin Sebesty\u00e9n Palovs vendeghaz proprietar\" srcset=\"https:\/\/palovs.hu\/wp-content\/uploads\/2025\/05\/Sebestyen-Katalin-Palovs-vendeghaz.webp 1000w, https:\/\/palovs.hu\/wp-content\/uploads\/2025\/05\/Sebestyen-Katalin-Palovs-vendeghaz-300x300.webp 300w, https:\/\/palovs.hu\/wp-content\/uploads\/2025\/05\/Sebestyen-Katalin-Palovs-vendeghaz-150x150.webp 150w, https:\/\/palovs.hu\/wp-content\/uploads\/2025\/05\/Sebestyen-Katalin-Palovs-vendeghaz-768x768.webp 768w\" sizes=\"(max-width: 800px) 100vw, 800px\" \/>\t\t\t\t\t\t\t\t\t\t\t\t\t\t\t<\/div>\n\t\t\t\t<\/div>\n\t\t<div class=\"elementor-element elementor-element-e05fbb6 e-con-full e-flex e-con e-child\" data-id=\"e05fbb6\" data-element_type=\"container\" data-e-type=\"container\" data-settings=\"{&quot;background_background&quot;:&quot;classic&quot;}\">\n\t\t\t\t<div class=\"elementor-element elementor-element-9310736 elementor-align-center elementor-widget elementor-widget-button\" data-id=\"9310736\" data-element_type=\"widget\" data-e-type=\"widget\" data-widget_type=\"button.default\">\n\t\t\t\t<div class=\"elementor-widget-container\">\n\t\t\t\t\t\t\t\t\t<div class=\"elementor-button-wrapper\">\n\t\t\t\t\t<a class=\"elementor-button elementor-button-link elementor-size-sm\" href=\"https:\/\/palovs.hu\/ro\/facem-prajituri\/\">\n\t\t\t\t\t\t<span class=\"elementor-button-content-wrapper\">\n\t\t\t\t\t\t\t\t\t<span class=\"elementor-button-text\">MAI MULTE<\/span>\n\t\t\t\t\t<\/span>\n\t\t\t\t\t<\/a>\n\t\t\t\t<\/div>\n\t\t\t\t\t\t\t\t<\/div>\n\t\t\t\t<\/div>\n\t\t\t\t<\/div>\n\t\t\t\t<\/div>\n\t\t\t\t<\/div>\n\t\t\t\t\t<\/div>\n\t\t\t\t<\/div>\n\t\t\t\t<\/div>","protected":false},"excerpt":{"rendered":"<p>\u201eSz\u00e1momra Szarvas nem csup\u00e1n egy b\u00e9k\u00e9si kisv\u00e1ros, hanem egy \u00e9l\u0151 m\u00fazeum, ahol a t\u00f6rt\u00e9nelem, a kult\u00fara \u00e9s az emberi \u00e9rt\u00e9kek minden sarkon megmutatkoznak. Hiszek abban, hogy az \u00e9rt\u00e9kteremt\u00e9s nemcsak eredm\u00e9nyeket, hanem felel\u0151ss\u00e9get is jelent. A Palov apartmanh\u00e1zak szellemis\u00e9ge ezt az \u00f6r\u00f6ks\u00e9get viszi tov\u00e1bb: az alkot\u00e1s \u00f6r\u00f6m\u00e9t, a gondoskod\u00e1s sz\u00e1nd\u00e9k\u00e1t \u00e9s a k\u00f6z\u00f6ss\u00e9g ir\u00e1nti elk\u00f6telezetts\u00e9g\u00e9t. C\u00e9lom, [&hellip;]<\/p>\n","protected":false},"author":1,"featured_media":0,"parent":0,"menu_order":4,"comment_status":"closed","ping_status":"closed","template":"","meta":{"footnotes":""},"class_list":["post-5611","page","type-page","status-publish","hentry"],"yoast_head":"<!-- This site is optimized with the Yoast SEO Premium plugin v27.3 (Yoast SEO v27.3) - https:\/\/yoast.com\/product\/yoast-seo-premium-wordpress\/ -->\n<title>A Palov&#039;s vend\u00e9gh\u00e1zr\u00f3l<\/title>\n<meta name=\"description\" content=\"A Palov\u2019s vend\u00e9gh\u00e1z 1993-ban lett el\u0151sz\u00f6r fel\u00faj\u00edtva, majd 2023-ban \u00fajabb \u00e1talak\u00edt\u00e1son esett \u00e1t, vend\u00e9gfogad\u00e1sra alkalmas, v\u00edzparti nyaral\u00f3 form\u00e1j\u00e1ban.\" \/>\n<meta name=\"robots\" content=\"index, follow, max-snippet:-1, max-image-preview:large, max-video-preview:-1\" \/>\n<link rel=\"canonical\" href=\"https:\/\/palovs.hu\/ro\/rolunk\/\" \/>\n<meta property=\"og:locale\" content=\"ro_RO\" \/>\n<meta property=\"og:type\" content=\"article\" \/>\n<meta property=\"og:title\" content=\"R\u00f3lunk\" \/>\n<meta property=\"og:description\" content=\"A Palov\u2019s vend\u00e9gh\u00e1z 1993-ban lett el\u0151sz\u00f6r fel\u00faj\u00edtva, majd 2023-ban \u00fajabb \u00e1talak\u00edt\u00e1son esett \u00e1t, vend\u00e9gfogad\u00e1sra alkalmas, v\u00edzparti nyaral\u00f3 form\u00e1j\u00e1ban.\" \/>\n<meta property=\"og:url\" content=\"https:\/\/palovs.hu\/ro\/rolunk\/\" \/>\n<meta property=\"og:site_name\" content=\"Palov&#039;s vend\u00e9gh\u00e1z\" \/>\n<meta property=\"article:publisher\" content=\"https:\/\/www.facebook.com\/palovs.szarvas\" \/>\n<meta property=\"article:modified_time\" content=\"2026-03-22T13:50:27+00:00\" \/>\n<meta property=\"og:image\" content=\"https:\/\/palovs.hu\/wp-content\/uploads\/2025\/05\/Sebestyen-Katalin-Palovs-vendeghaz.webp\" \/>\n\t<meta property=\"og:image:width\" content=\"1000\" \/>\n\t<meta property=\"og:image:height\" content=\"1000\" \/>\n\t<meta property=\"og:image:type\" content=\"image\/webp\" \/>\n<meta name=\"twitter:card\" content=\"summary_large_image\" \/>\n<meta name=\"twitter:label1\" content=\"Timp estimat pentru citire\" \/>\n\t<meta name=\"twitter:data1\" content=\"1 minut\" \/>\n<script type=\"application\/ld+json\" class=\"yoast-schema-graph\">{\"@context\":\"https:\\\/\\\/schema.org\",\"@graph\":[{\"@type\":\"WebPage\",\"@id\":\"https:\\\/\\\/palovs.hu\\\/rolunk\\\/\",\"url\":\"https:\\\/\\\/palovs.hu\\\/rolunk\\\/\",\"name\":\"A Palov's vend\u00e9gh\u00e1zr\u00f3l\",\"isPartOf\":{\"@id\":\"https:\\\/\\\/palovs.hu\\\/#website\"},\"primaryImageOfPage\":{\"@id\":\"https:\\\/\\\/palovs.hu\\\/rolunk\\\/#primaryimage\"},\"image\":{\"@id\":\"https:\\\/\\\/palovs.hu\\\/rolunk\\\/#primaryimage\"},\"thumbnailUrl\":\"https:\\\/\\\/palovs.hu\\\/wp-content\\\/uploads\\\/2025\\\/05\\\/Sebestyen-Katalin-Palovs-vendeghaz.webp\",\"datePublished\":\"2025-04-26T14:07:11+00:00\",\"dateModified\":\"2026-03-22T13:50:27+00:00\",\"description\":\"A Palov\u2019s vend\u00e9gh\u00e1z 1993-ban lett el\u0151sz\u00f6r fel\u00faj\u00edtva, majd 2023-ban \u00fajabb \u00e1talak\u00edt\u00e1son esett \u00e1t, vend\u00e9gfogad\u00e1sra alkalmas, v\u00edzparti nyaral\u00f3 form\u00e1j\u00e1ban.\",\"breadcrumb\":{\"@id\":\"https:\\\/\\\/palovs.hu\\\/rolunk\\\/#breadcrumb\"},\"inLanguage\":\"ro-RO\",\"potentialAction\":[{\"@type\":\"ReadAction\",\"target\":[\"https:\\\/\\\/palovs.hu\\\/rolunk\\\/\"]}]},{\"@type\":\"ImageObject\",\"inLanguage\":\"ro-RO\",\"@id\":\"https:\\\/\\\/palovs.hu\\\/rolunk\\\/#primaryimage\",\"url\":\"https:\\\/\\\/palovs.hu\\\/wp-content\\\/uploads\\\/2025\\\/05\\\/Sebestyen-Katalin-Palovs-vendeghaz.webp\",\"contentUrl\":\"https:\\\/\\\/palovs.hu\\\/wp-content\\\/uploads\\\/2025\\\/05\\\/Sebestyen-Katalin-Palovs-vendeghaz.webp\"},{\"@type\":\"BreadcrumbList\",\"@id\":\"https:\\\/\\\/palovs.hu\\\/rolunk\\\/#breadcrumb\",\"itemListElement\":[{\"@type\":\"ListItem\",\"position\":1,\"name\":\"Home\",\"item\":\"https:\\\/\\\/palovs.hu\\\/\"},{\"@type\":\"ListItem\",\"position\":2,\"name\":\"R\u00f3lunk\"}]},{\"@type\":\"WebSite\",\"@id\":\"https:\\\/\\\/palovs.hu\\\/#website\",\"url\":\"https:\\\/\\\/palovs.hu\\\/\",\"name\":\"Palov's Vend\u00e9gh\u00e1z\",\"description\":\"V\u00edzparti nyaral\u00f3 a K\u00f6r\u00f6s partj\u00e1n\",\"publisher\":{\"@id\":\"https:\\\/\\\/palovs.hu\\\/#organization\"},\"potentialAction\":[{\"@type\":\"SearchAction\",\"target\":{\"@type\":\"EntryPoint\",\"urlTemplate\":\"https:\\\/\\\/palovs.hu\\\/?s={search_term_string}\"},\"query-input\":{\"@type\":\"PropertyValueSpecification\",\"valueRequired\":true,\"valueName\":\"search_term_string\"}}],\"inLanguage\":\"ro-RO\"},{\"@type\":\"Organization\",\"@id\":\"https:\\\/\\\/palovs.hu\\\/#organization\",\"name\":\"Palov's vend\u00e9gh\u00e1z\",\"url\":\"https:\\\/\\\/palovs.hu\\\/\",\"logo\":{\"@type\":\"ImageObject\",\"inLanguage\":\"ro-RO\",\"@id\":\"https:\\\/\\\/palovs.hu\\\/#\\\/schema\\\/logo\\\/image\\\/\",\"url\":\"https:\\\/\\\/palovs.hu\\\/wp-content\\\/uploads\\\/2025\\\/05\\\/cropped-Site-icon-palovs.png\",\"contentUrl\":\"https:\\\/\\\/palovs.hu\\\/wp-content\\\/uploads\\\/2025\\\/05\\\/cropped-Site-icon-palovs.png\",\"width\":512,\"height\":512,\"caption\":\"Palov's vend\u00e9gh\u00e1z\"},\"image\":{\"@id\":\"https:\\\/\\\/palovs.hu\\\/#\\\/schema\\\/logo\\\/image\\\/\"},\"sameAs\":[\"https:\\\/\\\/www.facebook.com\\\/palovs.szarvas\"]}]}<\/script>\n<!-- \/ Yoast SEO Premium plugin. -->","yoast_head_json":{"title":"Despre casa de oaspe\u021bi Palov's","description":"Casa de oaspe\u021bi Palov a fost renovat\u0103 pentru prima dat\u0103 \u00een 1993, iar \u00een 2023 a fost transformat\u0103 \u00eentr-o cas\u0103 de vacan\u021b\u0103 pe malul m\u0103rii pentru oaspe\u021bi.","robots":{"index":"index","follow":"follow","max-snippet":"max-snippet:-1","max-image-preview":"max-image-preview:large","max-video-preview":"max-video-preview:-1"},"canonical":"https:\/\/palovs.hu\/ro\/rolunk\/","og_locale":"ro_RO","og_type":"article","og_title":"R\u00f3lunk","og_description":"A Palov\u2019s vend\u00e9gh\u00e1z 1993-ban lett el\u0151sz\u00f6r fel\u00faj\u00edtva, majd 2023-ban \u00fajabb \u00e1talak\u00edt\u00e1son esett \u00e1t, vend\u00e9gfogad\u00e1sra alkalmas, v\u00edzparti nyaral\u00f3 form\u00e1j\u00e1ban.","og_url":"https:\/\/palovs.hu\/ro\/rolunk\/","og_site_name":"Palov&#039;s vend\u00e9gh\u00e1z","article_publisher":"https:\/\/www.facebook.com\/palovs.szarvas","article_modified_time":"2026-03-22T13:50:27+00:00","og_image":[{"width":1000,"height":1000,"url":"https:\/\/palovs.hu\/wp-content\/uploads\/2025\/05\/Sebestyen-Katalin-Palovs-vendeghaz.webp","type":"image\/webp"}],"twitter_card":"summary_large_image","twitter_misc":{"Timp estimat pentru citire":"1 minut"},"schema":{"@context":"https:\/\/schema.org","@graph":[{"@type":"WebPage","@id":"https:\/\/palovs.hu\/rolunk\/","url":"https:\/\/palovs.hu\/rolunk\/","name":"Despre casa de oaspe\u021bi Palov's","isPartOf":{"@id":"https:\/\/palovs.hu\/#website"},"primaryImageOfPage":{"@id":"https:\/\/palovs.hu\/rolunk\/#primaryimage"},"image":{"@id":"https:\/\/palovs.hu\/rolunk\/#primaryimage"},"thumbnailUrl":"https:\/\/palovs.hu\/wp-content\/uploads\/2025\/05\/Sebestyen-Katalin-Palovs-vendeghaz.webp","datePublished":"2025-04-26T14:07:11+00:00","dateModified":"2026-03-22T13:50:27+00:00","description":"Casa de oaspe\u021bi Palov a fost renovat\u0103 pentru prima dat\u0103 \u00een 1993, iar \u00een 2023 a fost transformat\u0103 \u00eentr-o cas\u0103 de vacan\u021b\u0103 pe malul m\u0103rii pentru oaspe\u021bi.","breadcrumb":{"@id":"https:\/\/palovs.hu\/rolunk\/#breadcrumb"},"inLanguage":"ro-RO","potentialAction":[{"@type":"ReadAction","target":["https:\/\/palovs.hu\/rolunk\/"]}]},{"@type":"ImageObject","inLanguage":"ro-RO","@id":"https:\/\/palovs.hu\/rolunk\/#primaryimage","url":"https:\/\/palovs.hu\/wp-content\/uploads\/2025\/05\/Sebestyen-Katalin-Palovs-vendeghaz.webp","contentUrl":"https:\/\/palovs.hu\/wp-content\/uploads\/2025\/05\/Sebestyen-Katalin-Palovs-vendeghaz.webp"},{"@type":"BreadcrumbList","@id":"https:\/\/palovs.hu\/rolunk\/#breadcrumb","itemListElement":[{"@type":"ListItem","position":1,"name":"Home","item":"https:\/\/palovs.hu\/"},{"@type":"ListItem","position":2,"name":"R\u00f3lunk"}]},{"@type":"WebSite","@id":"https:\/\/palovs.hu\/#website","url":"https:\/\/palovs.hu\/","name":"Casa de oaspe\u021bi Palov","description":"Cas\u0103 de vacan\u021b\u0103 pe malul apei, pe malul r\u00e2ului K\u00f6r\u00f6s","publisher":{"@id":"https:\/\/palovs.hu\/#organization"},"potentialAction":[{"@type":"SearchAction","target":{"@type":"EntryPoint","urlTemplate":"https:\/\/palovs.hu\/?s={search_term_string}"},"query-input":{"@type":"PropertyValueSpecification","valueRequired":true,"valueName":"search_term_string"}}],"inLanguage":"ro-RO"},{"@type":"Organization","@id":"https:\/\/palovs.hu\/#organization","name":"Casa de oaspe\u021bi Palov","url":"https:\/\/palovs.hu\/","logo":{"@type":"ImageObject","inLanguage":"ro-RO","@id":"https:\/\/palovs.hu\/#\/schema\/logo\/image\/","url":"https:\/\/palovs.hu\/wp-content\/uploads\/2025\/05\/cropped-Site-icon-palovs.png","contentUrl":"https:\/\/palovs.hu\/wp-content\/uploads\/2025\/05\/cropped-Site-icon-palovs.png","width":512,"height":512,"caption":"Palov's vend\u00e9gh\u00e1z"},"image":{"@id":"https:\/\/palovs.hu\/#\/schema\/logo\/image\/"},"sameAs":["https:\/\/www.facebook.com\/palovs.szarvas"]}]}},"_links":{"self":[{"href":"https:\/\/palovs.hu\/ro\/wp-json\/wp\/v2\/pages\/5611","targetHints":{"allow":["GET"]}}],"collection":[{"href":"https:\/\/palovs.hu\/ro\/wp-json\/wp\/v2\/pages"}],"about":[{"href":"https:\/\/palovs.hu\/ro\/wp-json\/wp\/v2\/types\/page"}],"author":[{"embeddable":true,"href":"https:\/\/palovs.hu\/ro\/wp-json\/wp\/v2\/users\/1"}],"replies":[{"embeddable":true,"href":"https:\/\/palovs.hu\/ro\/wp-json\/wp\/v2\/comments?post=5611"}],"version-history":[{"count":147,"href":"https:\/\/palovs.hu\/ro\/wp-json\/wp\/v2\/pages\/5611\/revisions"}],"predecessor-version":[{"id":6798,"href":"https:\/\/palovs.hu\/ro\/wp-json\/wp\/v2\/pages\/5611\/revisions\/6798"}],"wp:attachment":[{"href":"https:\/\/palovs.hu\/ro\/wp-json\/wp\/v2\/media?parent=5611"}],"curies":[{"name":"wp","href":"https:\/\/api.w.org\/{rel}","templated":true}]}}