{"id":1878,"date":"2025-04-06T16:47:37","date_gmt":"2025-04-06T16:47:37","guid":{"rendered":"https:\/\/palovs.hu\/?page_id=1878"},"modified":"2026-03-24T09:19:37","modified_gmt":"2026-03-24T09:19:37","slug":"hazirend","status":"publish","type":"page","link":"https:\/\/palovs.hu\/ro\/hazirend\/","title":{"rendered":"Regulile casei"},"content":{"rendered":"<div data-elementor-type=\"wp-page\" data-elementor-id=\"1878\" class=\"elementor elementor-1878\" data-elementor-post-type=\"page\">\n\t\t\t\t<div class=\"elementor-element elementor-element-c21679f e-flex e-con-boxed e-con e-parent\" data-id=\"c21679f\" data-element_type=\"container\" data-e-type=\"container\">\n\t\t\t\t\t<div class=\"e-con-inner\">\n\t\t\t\t<div class=\"elementor-element elementor-element-c1c35bb elementor-widget-divider--view-line elementor-widget elementor-widget-divider\" data-id=\"c1c35bb\" data-element_type=\"widget\" data-e-type=\"widget\" data-widget_type=\"divider.default\">\n\t\t\t\t<div class=\"elementor-widget-container\">\n\t\t\t\t\t\t\t<div class=\"elementor-divider\">\n\t\t\t<span class=\"elementor-divider-separator\">\n\t\t\t\t\t\t<\/span>\n\t\t<\/div>\n\t\t\t\t\t\t<\/div>\n\t\t\t\t<\/div>\n\t\t\t\t\t<\/div>\n\t\t\t\t<\/div>\n\t\t<div class=\"elementor-element elementor-element-43c40b5 e-flex e-con-boxed e-con e-parent\" data-id=\"43c40b5\" data-element_type=\"container\" data-e-type=\"container\">\n\t\t\t\t\t<div class=\"e-con-inner\">\n\t\t<div class=\"elementor-element elementor-element-5dccb8c e-grid e-con-full e-con e-child\" data-id=\"5dccb8c\" data-element_type=\"container\" data-e-type=\"container\">\n\t\t\t\t<div class=\"elementor-element elementor-element-1dee300 elementor-widget elementor-widget-heading\" data-id=\"1dee300\" data-element_type=\"widget\" data-e-type=\"widget\" data-widget_type=\"heading.default\">\n\t\t\t\t<div class=\"elementor-widget-container\">\n\t\t\t\t\t<h2 class=\"elementor-heading-title elementor-size-default\">BUGET<\/h2>\t\t\t\t<\/div>\n\t\t\t\t<\/div>\n\t\t\t\t<div class=\"elementor-element elementor-element-e1d0774 elementor-widget elementor-widget-text-editor\" data-id=\"e1d0774\" data-element_type=\"widget\" data-e-type=\"widget\" data-widget_type=\"text-editor.default\">\n\t\t\t\t<div class=\"elementor-widget-container\">\n\t\t\t\t\t\t\t\t\t<ol><li style=\"font-weight: 400;\" aria-level=\"1\"><span style=\"font-weight: 400;\">Casa poate fi ocupat\u0103 \u00eencep\u00e2nd cu ora 14:00 \u00een ziua sosirii \u0219i trebuie eliberat\u0103 p\u00e2n\u0103 la ora 10:00 \u00een ziua plec\u0103rii.<\/span><\/li><li style=\"font-weight: 400;\" aria-level=\"1\"><span style=\"font-weight: 400;\">Oaspe\u021bii sunt autoriza\u021bi s\u0103 ocupe casa numai dup\u0103 administrarea complet\u0103. Odat\u0103 ce oaspetele a completat formularul de \u00eenregistrare, acesta \u00een\u021belege \u0219i accept\u0103 regulile casei.<\/span><\/li><li style=\"font-weight: 400;\" aria-level=\"1\"><span style=\"font-weight: 400;\">Casa de vacan\u021b\u0103 poate fi utilizat\u0103 numai de num\u0103rul de persoane pentru care a fost pl\u0103tit\u0103 taxa de cazare. Dac\u0103 acest num\u0103r este dep\u0103\u0219it, se va percepe un supliment.<\/span><\/li><li style=\"font-weight: 400;\" aria-level=\"1\"><span style=\"font-weight: 400;\">Fumatul este strict interzis \u00een cas\u0103 (fumatul este permis pe teras\u0103).<\/span><\/li><li style=\"font-weight: 400;\" aria-level=\"1\"><span style=\"font-weight: 400;\">Perioada de repaus nocturn este \u00eentre orele 22:00-08:00. \u00cen timpul perioadei de odihn\u0103, toat\u0103 lumea trebuie s\u0103 aib\u0103 dreptul s\u0103 se odihneasc\u0103 \u00een pace.<\/span><\/li><li style=\"font-weight: 400;\" aria-level=\"1\"><span style=\"font-weight: 400;\">Oaspe\u021bii sunt responsabili pentru cur\u0103\u021benia locuin\u021bei \u0219i sunt obliga\u021bi s\u0103 o p\u0103streze curat\u0103. La plecare, casa trebuie s\u0103 fie l\u0103sat\u0103 \u00een aceea\u0219i stare ca la sosire. Este strict interzis s\u0103 utiliza\u021bi, s\u0103 sta\u021bi sau s\u0103 v\u0103 \u00eentinde\u021bi pe zona de relaxare din casa de vacan\u021b\u0103 \u00een haine murdare. Sunt disponibile produse speciale de cur\u0103\u021bare pentru colectarea gunoiului \u0219i cur\u0103\u021barea \u00een jurul gr\u0103tarelor.<\/span><\/li><li style=\"font-weight: 400;\" aria-level=\"1\"><span style=\"font-weight: 400;\">Pentru sejururi mai lungi, se asigur\u0103 cur\u0103\u021barea \u0219i schimbarea lenjeriei de pat\/serve\u021belelor o dat\u0103 pe s\u0103pt\u0103m\u00e2n\u0103.<\/span><\/li><li style=\"font-weight: 400;\" aria-level=\"1\"><span style=\"font-weight: 400;\">Este strict interzis s\u0103 arunca\u021bi \u00een toalet\u0103 orice altceva \u00een afar\u0103 de h\u00e2rtie igienic\u0103 sau produse sanitare.<\/span><\/li><li style=\"font-weight: 400;\" aria-level=\"1\"><span style=\"font-weight: 400;\">Oaspetele este pe deplin r\u0103spunz\u0103tor pentru orice deteriorare a echipamentului. Daunele cauzate \u00een incint\u0103 vor fi compensate de persoana care a cauzat daunele sau de reprezentantul s\u0103u legal.<\/span><\/li><li style=\"font-weight: 400;\" aria-level=\"1\"><span style=\"font-weight: 400;\">Este strict interzis s\u0103 atinge\u021bi sau s\u0103 deteriora\u021bi orice echipament mecanic sau electronic!<\/span><\/li><li style=\"font-weight: 400;\" aria-level=\"1\"><span style=\"font-weight: 400;\">V\u0103 rug\u0103m s\u0103 folosi\u021bi echipamentele de interior \u0219i de exterior conform destina\u021biei! \u00cen cazul unei defec\u021biuni, costul repara\u021biei sau \u00eenlocuirii este responsabilitatea oaspetelui. V\u0103 rug\u0103m s\u0103 raporta\u021bi defec\u021biunea la +36 30 719 9488<\/span><\/li><li style=\"font-weight: 400;\" aria-level=\"1\"><span style=\"font-weight: 400;\">Focurile pot fi f\u0103cute numai \u00een c\u0103minele desemnate, \u00een condi\u021bii de calm \u0219i cu ap\u0103. Prima por\u021bie de lemne de foc va fi furnizat\u0103 de gazd\u0103, iar por\u021biile suplimentare sunt disponibile contra cost.<\/span><\/li><li style=\"font-weight: 400;\" aria-level=\"1\"><span style=\"font-weight: 400;\">Copiii cu v\u00e2rsta sub 14 ani trebuie s\u0103 fie \u00eenso\u021bi\u021bi de un p\u0103rinte sau de un adult.<\/span><\/li><li style=\"font-weight: 400;\" aria-level=\"1\"><span style=\"font-weight: 400;\">Gazda nu este responsabil\u0103 pentru obiectele personale de valoare aduse \u00een proprietate.<\/span><\/li><li style=\"font-weight: 400;\" aria-level=\"1\"><span style=\"font-weight: 400;\">Oaspe\u021bii trebuie s\u0103 \u00eencuie u\u0219ile \u0219i ferestrele la plecare.<\/span><\/li><li style=\"font-weight: 400;\" aria-level=\"1\"><span style=\"font-weight: 400;\">\u00cen cazul pierderii cheii, oaspetele este responsabil pentru costul \u00eenlocuirii cheii.<\/span><\/li><li style=\"font-weight: 400;\" aria-level=\"1\"><span style=\"font-weight: 400;\">Proprietarul are dreptul de a verifica casa \u00eenainte de a pleca. \u00cen caz de daune, acesta poate \u00eentocmi un raport \u0219i solicita desp\u0103gubiri.<\/span><\/li><li style=\"font-weight: 400;\" aria-level=\"1\"><span style=\"font-weight: 400;\">Prin utilizarea caz\u0103rii, oaspetele accept\u0103 regulile casei.<\/span><\/li><li style=\"font-weight: 400;\" aria-level=\"1\"><span style=\"font-weight: 400;\">Proprietarul poate anula cazarea \u00een cazul \u00een care oaspetele \u00eencalc\u0103 regulile casei - nu va fi acordat\u0103 nicio rambursare.<\/span><\/li><li style=\"font-weight: 400;\" aria-level=\"1\"><span style=\"font-weight: 400;\">Normele Codului civil se aplic\u0103 \u00een chestiunile care nu sunt reglementate de normele Regulamentului Camerei.<\/span><\/li><li style=\"font-weight: 400;\" aria-level=\"1\"><span style=\"font-weight: 400;\">Reclama\u021biile vor fi acceptate numai \u00een timpul \u0219ederii dumneavoastr\u0103.<\/span><\/li><li style=\"font-weight: 400;\" aria-level=\"1\"><span style=\"font-weight: 400;\">Gr\u0103dina este \u00eentre\u021binut\u0103 de gazd\u0103. V\u0103 rug\u0103m s\u0103 ave\u021bi grij\u0103 de plante.<\/span><\/li><li style=\"font-weight: 400;\" aria-level=\"1\">Deoarece casa de vacan\u021b\u0103 se afl\u0103 pe malul m\u0103rii, v\u0103 rug\u0103m s\u0103 ave\u021bi grij\u0103 s\u0103 p\u0103stra\u021bi apa curat\u0103. Gunoiul \u0219i de\u0219eurile legate de pescuit nu trebuie aruncate \u00een ap\u0103.<\/li><li style=\"font-weight: 400;\" aria-level=\"1\"><span style=\"font-weight: 400;\">Gunoiul menajer poate fi colectat \u00een co\u0219ul de gunoi din buc\u0103t\u0103rie. C\u00e2nd este plin, poate fi folosit co\u0219ul de gunoi de l\u00e2ng\u0103 casa de oaspe\u021bi.<\/span><\/li><\/ol>\t\t\t\t\t\t\t\t<\/div>\n\t\t\t\t<\/div>\n\t\t\t\t<div class=\"elementor-element elementor-element-57f6910 elementor-widget elementor-widget-global elementor-global-7438 elementor-widget-heading\" data-id=\"57f6910\" data-element_type=\"widget\" data-e-type=\"widget\" data-widget_type=\"heading.default\">\n\t\t\t\t<div class=\"elementor-widget-container\">\n\t\t\t\t\t<h1 class=\"elementor-heading-title elementor-size-default\"><br>Casa de oaspe\u021bi Palov - cas\u0103 de vacan\u021b\u0103 pe malul apei, pe malul r\u00e2ului K\u00f6r\u00f6s<\/h1>\t\t\t\t<\/div>\n\t\t\t\t<\/div>\n\t\t\t\t<div class=\"elementor-element elementor-element-5a7cdac elementor-view-default elementor-position-block-start elementor-mobile-position-block-start elementor-widget elementor-widget-global elementor-global-7441 elementor-widget-icon-box\" data-id=\"5a7cdac\" data-element_type=\"widget\" data-e-type=\"widget\" data-widget_type=\"icon-box.default\">\n\t\t\t\t<div class=\"elementor-widget-container\">\n\t\t\t\t\t\t\t<div class=\"elementor-icon-box-wrapper\">\n\n\t\t\t\t\t\t<div class=\"elementor-icon-box-icon\">\n\t\t\t\t<span  class=\"elementor-icon\">\n\t\t\t\t<svg aria-hidden=\"true\" class=\"e-font-icon-svg e-fas-umbrella-beach\" viewbox=\"0 0 640 512\" xmlns=\"http:\/\/www.w3.org\/2000\/svg\"><path d=\"M115.38 136.9l102.11 37.18c35.19-81.54 86.21-144.29 139-173.7-95.88-4.89-188.78 36.96-248.53 111.8-6.69 8.4-2.66 21.05 7.42 24.72zm132.25 48.16l238.48 86.83c35.76-121.38 18.7-231.66-42.63-253.98-7.4-2.7-15.13-4-23.09-4-58.02.01-128.27 69.17-172.76 171.15zM521.48 60.5c6.22 16.3 10.83 34.6 13.2 55.19 5.74 49.89-1.42 108.23-18.95 166.98l102.62 37.36c10.09 3.67 21.31-3.43 21.57-14.17 2.32-95.69-41.91-187.44-118.44-245.36zM560 447.98H321.06L386 269.5l-60.14-21.9-72.9 200.37H16c-8.84 0-16 7.16-16 16.01v32.01C0 504.83 7.16 512 16 512h544c8.84 0 16-7.17 16-16.01v-32.01c0-8.84-7.16-16-16-16z\"><\/path><\/svg>\t\t\t\t<\/span>\n\t\t\t<\/div>\n\t\t\t\n\t\t\t\n\t\t<\/div>\n\t\t\t\t\t\t<\/div>\n\t\t\t\t<\/div>\n\t\t\t\t<div class=\"elementor-element elementor-element-f8106e7 elementor-widget elementor-widget-global elementor-global-7444 elementor-widget-text-editor\" data-id=\"f8106e7\" data-element_type=\"widget\" data-e-type=\"widget\" data-widget_type=\"text-editor.default\">\n\t\t\t\t<div class=\"elementor-widget-container\">\n\t\t\t\t\t\t\t\t\t<p>Dac\u0103 ave\u021bi \u00eentreb\u0103ri, <a href=\"https:\/\/palovs.hu\/ro\/soparla\/\">aici<\/a> le-am colectat pe cele mai recente.<\/p>\t\t\t\t\t\t\t\t<\/div>\n\t\t\t\t<\/div>\n\t\t\t\t<\/div>\n\t\t\t\t\t<\/div>\n\t\t\t\t<\/div>\n\t\t\t\t<\/div>","protected":false},"excerpt":{"rendered":"<p>H\u00c1ZIREND A h\u00e1zat \u00e9rkez\u00e9si napon 14:00 \u00f3r\u00e1t\u00f3l lehet elfoglalni, \u00e9s a t\u00e1voz\u00e1s napj\u00e1n 10:00 \u00f3r\u00e1ig kell elhagyni. Vend\u00e9geink a h\u00e1zat csak a teljes adminisztr\u00e1ci\u00f3t k\u00f6vet\u0151en foglalhatj\u00e1k el. Adatfelv\u00e9telt k\u00f6vet\u0151en a vend\u00e9g miut\u00e1n kit\u00f6lt\u00f6tte az adminisztr\u00e1ci\u00f3s lapot, egyidej\u0171leg meg\u00e9rti \u00e9s elfogadja a h\u00e1zirend szab\u00e1lyzat\u00e1t. A nyaral\u00f3h\u00e1zat csak \u00e9s kiz\u00e1r\u00f3lag annyi f\u0151 veheti ig\u00e9nybe, ah\u00e1ny f\u0151 r\u00e9sz\u00e9re [&hellip;]<\/p>\n","protected":false},"author":1,"featured_media":0,"parent":0,"menu_order":19,"comment_status":"closed","ping_status":"closed","template":"","meta":{"footnotes":""},"class_list":["post-1878","page","type-page","status-publish","hentry"],"yoast_head":"<!-- This site is optimized with the Yoast SEO Premium plugin v27.3 (Yoast SEO v27.3) - https:\/\/yoast.com\/product\/yoast-seo-premium-wordpress\/ -->\n<title>H\u00e1zirend -<\/title>\n<meta name=\"robots\" content=\"index, follow, max-snippet:-1, max-image-preview:large, max-video-preview:-1\" \/>\n<link rel=\"canonical\" href=\"https:\/\/palovs.hu\/ro\/hazirend\/\" \/>\n<meta property=\"og:locale\" content=\"ro_RO\" \/>\n<meta property=\"og:type\" content=\"article\" \/>\n<meta property=\"og:title\" content=\"H\u00e1zirend\" \/>\n<meta property=\"og:description\" content=\"H\u00c1ZIREND A h\u00e1zat \u00e9rkez\u00e9si napon 14:00 \u00f3r\u00e1t\u00f3l lehet elfoglalni, \u00e9s a t\u00e1voz\u00e1s napj\u00e1n 10:00 \u00f3r\u00e1ig kell elhagyni. Vend\u00e9geink a h\u00e1zat csak a teljes adminisztr\u00e1ci\u00f3t k\u00f6vet\u0151en foglalhatj\u00e1k el. Adatfelv\u00e9telt k\u00f6vet\u0151en a vend\u00e9g miut\u00e1n kit\u00f6lt\u00f6tte az adminisztr\u00e1ci\u00f3s lapot, egyidej\u0171leg meg\u00e9rti \u00e9s elfogadja a h\u00e1zirend szab\u00e1lyzat\u00e1t. A nyaral\u00f3h\u00e1zat csak \u00e9s kiz\u00e1r\u00f3lag annyi f\u0151 veheti ig\u00e9nybe, ah\u00e1ny f\u0151 r\u00e9sz\u00e9re [&hellip;]\" \/>\n<meta property=\"og:url\" content=\"https:\/\/palovs.hu\/ro\/hazirend\/\" \/>\n<meta property=\"og:site_name\" content=\"Palov&#039;s vend\u00e9gh\u00e1z\" \/>\n<meta property=\"article:publisher\" content=\"https:\/\/www.facebook.com\/palovs.szarvas\" \/>\n<meta property=\"article:modified_time\" content=\"2026-03-24T09:19:37+00:00\" \/>\n<meta property=\"og:image\" content=\"https:\/\/palovs.hu\/wp-content\/uploads\/2026\/04\/Sup-kata-Szarvason.webp\" \/>\n\t<meta property=\"og:image:width\" content=\"500\" \/>\n\t<meta property=\"og:image:height\" content=\"500\" \/>\n\t<meta property=\"og:image:type\" content=\"image\/webp\" \/>\n<meta name=\"twitter:card\" content=\"summary_large_image\" \/>\n<meta name=\"twitter:label1\" content=\"Timp estimat pentru citire\" \/>\n\t<meta name=\"twitter:data1\" content=\"3 minute\" \/>\n<script type=\"application\/ld+json\" class=\"yoast-schema-graph\">{\"@context\":\"https:\\\/\\\/schema.org\",\"@graph\":[{\"@type\":\"WebPage\",\"@id\":\"https:\\\/\\\/palovs.hu\\\/hazirend\\\/\",\"url\":\"https:\\\/\\\/palovs.hu\\\/hazirend\\\/\",\"name\":\"H\u00e1zirend -\",\"isPartOf\":{\"@id\":\"https:\\\/\\\/palovs.hu\\\/#website\"},\"datePublished\":\"2025-04-06T16:47:37+00:00\",\"dateModified\":\"2026-03-24T09:19:37+00:00\",\"breadcrumb\":{\"@id\":\"https:\\\/\\\/palovs.hu\\\/hazirend\\\/#breadcrumb\"},\"inLanguage\":\"ro-RO\",\"potentialAction\":[{\"@type\":\"ReadAction\",\"target\":[\"https:\\\/\\\/palovs.hu\\\/hazirend\\\/\"]}]},{\"@type\":\"BreadcrumbList\",\"@id\":\"https:\\\/\\\/palovs.hu\\\/hazirend\\\/#breadcrumb\",\"itemListElement\":[{\"@type\":\"ListItem\",\"position\":1,\"name\":\"Home\",\"item\":\"https:\\\/\\\/palovs.hu\\\/\"},{\"@type\":\"ListItem\",\"position\":2,\"name\":\"H\u00e1zirend\"}]},{\"@type\":\"WebSite\",\"@id\":\"https:\\\/\\\/palovs.hu\\\/#website\",\"url\":\"https:\\\/\\\/palovs.hu\\\/\",\"name\":\"Palov's Vend\u00e9gh\u00e1z\",\"description\":\"V\u00edzparti nyaral\u00f3 a K\u00f6r\u00f6s partj\u00e1n\",\"publisher\":{\"@id\":\"https:\\\/\\\/palovs.hu\\\/#organization\"},\"potentialAction\":[{\"@type\":\"SearchAction\",\"target\":{\"@type\":\"EntryPoint\",\"urlTemplate\":\"https:\\\/\\\/palovs.hu\\\/?s={search_term_string}\"},\"query-input\":{\"@type\":\"PropertyValueSpecification\",\"valueRequired\":true,\"valueName\":\"search_term_string\"}}],\"inLanguage\":\"ro-RO\"},{\"@type\":\"Organization\",\"@id\":\"https:\\\/\\\/palovs.hu\\\/#organization\",\"name\":\"Palov's vend\u00e9gh\u00e1z\",\"url\":\"https:\\\/\\\/palovs.hu\\\/\",\"logo\":{\"@type\":\"ImageObject\",\"inLanguage\":\"ro-RO\",\"@id\":\"https:\\\/\\\/palovs.hu\\\/#\\\/schema\\\/logo\\\/image\\\/\",\"url\":\"https:\\\/\\\/palovs.hu\\\/wp-content\\\/uploads\\\/2025\\\/05\\\/cropped-Site-icon-palovs.png\",\"contentUrl\":\"https:\\\/\\\/palovs.hu\\\/wp-content\\\/uploads\\\/2025\\\/05\\\/cropped-Site-icon-palovs.png\",\"width\":512,\"height\":512,\"caption\":\"Palov's vend\u00e9gh\u00e1z\"},\"image\":{\"@id\":\"https:\\\/\\\/palovs.hu\\\/#\\\/schema\\\/logo\\\/image\\\/\"},\"sameAs\":[\"https:\\\/\\\/www.facebook.com\\\/palovs.szarvas\"]}]}<\/script>\n<!-- \/ Yoast SEO Premium plugin. -->","yoast_head_json":{"title":"Regulile casei -","robots":{"index":"index","follow":"follow","max-snippet":"max-snippet:-1","max-image-preview":"max-image-preview:large","max-video-preview":"max-video-preview:-1"},"canonical":"https:\/\/palovs.hu\/ro\/hazirend\/","og_locale":"ro_RO","og_type":"article","og_title":"H\u00e1zirend","og_description":"H\u00c1ZIREND A h\u00e1zat \u00e9rkez\u00e9si napon 14:00 \u00f3r\u00e1t\u00f3l lehet elfoglalni, \u00e9s a t\u00e1voz\u00e1s napj\u00e1n 10:00 \u00f3r\u00e1ig kell elhagyni. Vend\u00e9geink a h\u00e1zat csak a teljes adminisztr\u00e1ci\u00f3t k\u00f6vet\u0151en foglalhatj\u00e1k el. Adatfelv\u00e9telt k\u00f6vet\u0151en a vend\u00e9g miut\u00e1n kit\u00f6lt\u00f6tte az adminisztr\u00e1ci\u00f3s lapot, egyidej\u0171leg meg\u00e9rti \u00e9s elfogadja a h\u00e1zirend szab\u00e1lyzat\u00e1t. A nyaral\u00f3h\u00e1zat csak \u00e9s kiz\u00e1r\u00f3lag annyi f\u0151 veheti ig\u00e9nybe, ah\u00e1ny f\u0151 r\u00e9sz\u00e9re [&hellip;]","og_url":"https:\/\/palovs.hu\/ro\/hazirend\/","og_site_name":"Palov&#039;s vend\u00e9gh\u00e1z","article_publisher":"https:\/\/www.facebook.com\/palovs.szarvas","article_modified_time":"2026-03-24T09:19:37+00:00","og_image":[{"width":500,"height":500,"url":"https:\/\/palovs.hu\/wp-content\/uploads\/2026\/04\/Sup-kata-Szarvason.webp","type":"image\/webp"}],"twitter_card":"summary_large_image","twitter_misc":{"Timp estimat pentru citire":"3 minute"},"schema":{"@context":"https:\/\/schema.org","@graph":[{"@type":"WebPage","@id":"https:\/\/palovs.hu\/hazirend\/","url":"https:\/\/palovs.hu\/hazirend\/","name":"Regulile casei -","isPartOf":{"@id":"https:\/\/palovs.hu\/#website"},"datePublished":"2025-04-06T16:47:37+00:00","dateModified":"2026-03-24T09:19:37+00:00","breadcrumb":{"@id":"https:\/\/palovs.hu\/hazirend\/#breadcrumb"},"inLanguage":"ro-RO","potentialAction":[{"@type":"ReadAction","target":["https:\/\/palovs.hu\/hazirend\/"]}]},{"@type":"BreadcrumbList","@id":"https:\/\/palovs.hu\/hazirend\/#breadcrumb","itemListElement":[{"@type":"ListItem","position":1,"name":"Home","item":"https:\/\/palovs.hu\/"},{"@type":"ListItem","position":2,"name":"H\u00e1zirend"}]},{"@type":"WebSite","@id":"https:\/\/palovs.hu\/#website","url":"https:\/\/palovs.hu\/","name":"Casa de oaspe\u021bi Palov","description":"Cas\u0103 de vacan\u021b\u0103 pe malul apei, pe malul r\u00e2ului K\u00f6r\u00f6s","publisher":{"@id":"https:\/\/palovs.hu\/#organization"},"potentialAction":[{"@type":"SearchAction","target":{"@type":"EntryPoint","urlTemplate":"https:\/\/palovs.hu\/?s={search_term_string}"},"query-input":{"@type":"PropertyValueSpecification","valueRequired":true,"valueName":"search_term_string"}}],"inLanguage":"ro-RO"},{"@type":"Organization","@id":"https:\/\/palovs.hu\/#organization","name":"Casa de oaspe\u021bi Palov","url":"https:\/\/palovs.hu\/","logo":{"@type":"ImageObject","inLanguage":"ro-RO","@id":"https:\/\/palovs.hu\/#\/schema\/logo\/image\/","url":"https:\/\/palovs.hu\/wp-content\/uploads\/2025\/05\/cropped-Site-icon-palovs.png","contentUrl":"https:\/\/palovs.hu\/wp-content\/uploads\/2025\/05\/cropped-Site-icon-palovs.png","width":512,"height":512,"caption":"Palov's vend\u00e9gh\u00e1z"},"image":{"@id":"https:\/\/palovs.hu\/#\/schema\/logo\/image\/"},"sameAs":["https:\/\/www.facebook.com\/palovs.szarvas"]}]}},"_links":{"self":[{"href":"https:\/\/palovs.hu\/ro\/wp-json\/wp\/v2\/pages\/1878","targetHints":{"allow":["GET"]}}],"collection":[{"href":"https:\/\/palovs.hu\/ro\/wp-json\/wp\/v2\/pages"}],"about":[{"href":"https:\/\/palovs.hu\/ro\/wp-json\/wp\/v2\/types\/page"}],"author":[{"embeddable":true,"href":"https:\/\/palovs.hu\/ro\/wp-json\/wp\/v2\/users\/1"}],"replies":[{"embeddable":true,"href":"https:\/\/palovs.hu\/ro\/wp-json\/wp\/v2\/comments?post=1878"}],"version-history":[{"count":52,"href":"https:\/\/palovs.hu\/ro\/wp-json\/wp\/v2\/pages\/1878\/revisions"}],"predecessor-version":[{"id":7449,"href":"https:\/\/palovs.hu\/ro\/wp-json\/wp\/v2\/pages\/1878\/revisions\/7449"}],"wp:attachment":[{"href":"https:\/\/palovs.hu\/ro\/wp-json\/wp\/v2\/media?parent=1878"}],"curies":[{"name":"wp","href":"https:\/\/api.w.org\/{rel}","templated":true}]}}