{"id":1878,"date":"2025-04-06T16:47:37","date_gmt":"2025-04-06T16:47:37","guid":{"rendered":"https:\/\/palovs.hu\/?page_id=1878"},"modified":"2026-03-24T09:19:37","modified_gmt":"2026-03-24T09:19:37","slug":"hazirend","status":"publish","type":"page","link":"https:\/\/palovs.hu\/en\/hazirend\/","title":{"rendered":"House rules"},"content":{"rendered":"<div data-elementor-type=\"wp-page\" data-elementor-id=\"1878\" class=\"elementor elementor-1878\" data-elementor-post-type=\"page\">\n\t\t\t\t<div class=\"elementor-element elementor-element-c21679f e-flex e-con-boxed e-con e-parent\" data-id=\"c21679f\" data-element_type=\"container\" data-e-type=\"container\">\n\t\t\t\t\t<div class=\"e-con-inner\">\n\t\t\t\t<div class=\"elementor-element elementor-element-c1c35bb elementor-widget-divider--view-line elementor-widget elementor-widget-divider\" data-id=\"c1c35bb\" data-element_type=\"widget\" data-e-type=\"widget\" data-widget_type=\"divider.default\">\n\t\t\t\t<div class=\"elementor-widget-container\">\n\t\t\t\t\t\t\t<div class=\"elementor-divider\">\n\t\t\t<span class=\"elementor-divider-separator\">\n\t\t\t\t\t\t<\/span>\n\t\t<\/div>\n\t\t\t\t\t\t<\/div>\n\t\t\t\t<\/div>\n\t\t\t\t\t<\/div>\n\t\t\t\t<\/div>\n\t\t<div class=\"elementor-element elementor-element-43c40b5 e-flex e-con-boxed e-con e-parent\" data-id=\"43c40b5\" data-element_type=\"container\" data-e-type=\"container\">\n\t\t\t\t\t<div class=\"e-con-inner\">\n\t\t<div class=\"elementor-element elementor-element-5dccb8c e-grid e-con-full e-con e-child\" data-id=\"5dccb8c\" data-element_type=\"container\" data-e-type=\"container\">\n\t\t\t\t<div class=\"elementor-element elementor-element-1dee300 elementor-widget elementor-widget-heading\" data-id=\"1dee300\" data-element_type=\"widget\" data-e-type=\"widget\" data-widget_type=\"heading.default\">\n\t\t\t\t<div class=\"elementor-widget-container\">\n\t\t\t\t\t<h2 class=\"elementor-heading-title elementor-size-default\">HOUSE RULES<\/h2>\t\t\t\t<\/div>\n\t\t\t\t<\/div>\n\t\t\t\t<div class=\"elementor-element elementor-element-e1d0774 elementor-widget elementor-widget-text-editor\" data-id=\"e1d0774\" data-element_type=\"widget\" data-e-type=\"widget\" data-widget_type=\"text-editor.default\">\n\t\t\t\t<div class=\"elementor-widget-container\">\n\t\t\t\t\t\t\t\t\t<ol><li style=\"font-weight: 400;\" aria-level=\"1\"><span style=\"font-weight: 400;\">The house can be occupied from 14:00 on the day of arrival and must be vacated by 10:00 on the day of departure.<\/span><\/li><li style=\"font-weight: 400;\" aria-level=\"1\"><span style=\"font-weight: 400;\">Guests are only allowed to occupy the house after full administration. Once the guest has filled in the registration form, he\/she understands and accepts the rules of the house.<\/span><\/li><li style=\"font-weight: 400;\" aria-level=\"1\"><span style=\"font-weight: 400;\">Only the number of persons for whom the accommodation fee has been paid may use the holiday home. If this number is exceeded, a supplement will be charged.<\/span><\/li><li style=\"font-weight: 400;\" aria-level=\"1\"><span style=\"font-weight: 400;\">Smoking is strictly prohibited in the house (smoking is allowed on the terrace).<\/span><\/li><li style=\"font-weight: 400;\" aria-level=\"1\"><span style=\"font-weight: 400;\">The night rest period is between 22:00-08:00. During the rest period, everyone must have the right to rest in peace.<\/span><\/li><li style=\"font-weight: 400;\" aria-level=\"1\"><span style=\"font-weight: 400;\">Guests are responsible for the cleanliness of the accommodation and are required to keep it clean. On departure, the house must be left in the same condition as when you arrived. It is strictly forbidden to use, sit on or lie down on the seating area in the holiday home in soiled clothing. Special cleaning products are available to collect rubbish and clean around barbecues.<\/span><\/li><li style=\"font-weight: 400;\" aria-level=\"1\"><span style=\"font-weight: 400;\">For longer stays, cleaning and change of bed linen\/towels is provided once a week.<\/span><\/li><li style=\"font-weight: 400;\" aria-level=\"1\"><span style=\"font-weight: 400;\">It is strictly forbidden to throw anything other than toilet paper or sanitary products into the toilet.<\/span><\/li><li style=\"font-weight: 400;\" aria-level=\"1\"><span style=\"font-weight: 400;\">The guest shall be fully liable for any damage to the equipment. Damage caused on the premises shall be compensated by the person who caused the damage or his\/her legal representative.<\/span><\/li><li style=\"font-weight: 400;\" aria-level=\"1\"><span style=\"font-weight: 400;\">It is strictly forbidden to touch or damage any mechanical or electronic equipment!<\/span><\/li><li style=\"font-weight: 400;\" aria-level=\"1\"><span style=\"font-weight: 400;\">Please use both indoor and outdoor equipment as intended! In the event of a breakdown, the cost of repair or replacement is the responsibility of the guest. Please report the fault to +36 30 719 9488<\/span><\/li><li style=\"font-weight: 400;\" aria-level=\"1\"><span style=\"font-weight: 400;\">Fires may only be built in designated fireplaces, in calm conditions and with water. The first portion of firewood will be provided by the host, additional portions are available for a fee.<\/span><\/li><li style=\"font-weight: 400;\" aria-level=\"1\"><span style=\"font-weight: 400;\">Children under the age of 14 must be accompanied by a parent or adult.<\/span><\/li><li style=\"font-weight: 400;\" aria-level=\"1\"><span style=\"font-weight: 400;\">The host is not responsible for any personal valuables brought into the property.<\/span><\/li><li style=\"font-weight: 400;\" aria-level=\"1\"><span style=\"font-weight: 400;\">Guests must lock the doors and windows when leaving.<\/span><\/li><li style=\"font-weight: 400;\" aria-level=\"1\"><span style=\"font-weight: 400;\">In the event of a lost key, the guest is responsible for the cost of replacing the key.<\/span><\/li><li style=\"font-weight: 400;\" aria-level=\"1\"><span style=\"font-weight: 400;\">The owner has the right to check the house before leaving. In case of damage, he\/she can take a report and claim compensation.<\/span><\/li><li style=\"font-weight: 400;\" aria-level=\"1\"><span style=\"font-weight: 400;\">By using the accommodation, the guest accepts the rules of the house.<\/span><\/li><li style=\"font-weight: 400;\" aria-level=\"1\"><span style=\"font-weight: 400;\">The owner can cancel the accommodation if the guest breaks the house rules - no refund will be given.<\/span><\/li><li style=\"font-weight: 400;\" aria-level=\"1\"><span style=\"font-weight: 400;\">The rules of the Civil Code shall apply in matters not covered by the rules of the House Rules.<\/span><\/li><li style=\"font-weight: 400;\" aria-level=\"1\"><span style=\"font-weight: 400;\">Complaints will only be accepted during your stay.<\/span><\/li><li style=\"font-weight: 400;\" aria-level=\"1\"><span style=\"font-weight: 400;\">The garden is maintained by the host. Please take care of the plants.<\/span><\/li><li style=\"font-weight: 400;\" aria-level=\"1\">As the holiday home is on the waterfront, please take extra care to keep the water clean. Litter and fishing-related waste must not be thrown into the water.<\/li><li style=\"font-weight: 400;\" aria-level=\"1\"><span style=\"font-weight: 400;\">Household rubbish can be collected in the kitchen rubbish bin. When full, the bin next to the guest house can be used.<\/span><\/li><\/ol>\t\t\t\t\t\t\t\t<\/div>\n\t\t\t\t<\/div>\n\t\t\t\t<div class=\"elementor-element elementor-element-57f6910 elementor-widget elementor-widget-global elementor-global-7438 elementor-widget-heading\" data-id=\"57f6910\" data-element_type=\"widget\" data-e-type=\"widget\" data-widget_type=\"heading.default\">\n\t\t\t\t<div class=\"elementor-widget-container\">\n\t\t\t\t\t<h1 class=\"elementor-heading-title elementor-size-default\"><br>Palov's guest house - waterfront holiday home on the banks of the K\u00f6r\u00f6s<\/h1>\t\t\t\t<\/div>\n\t\t\t\t<\/div>\n\t\t\t\t<div class=\"elementor-element elementor-element-5a7cdac elementor-view-default elementor-position-block-start elementor-mobile-position-block-start elementor-widget elementor-widget-global elementor-global-7441 elementor-widget-icon-box\" data-id=\"5a7cdac\" data-element_type=\"widget\" data-e-type=\"widget\" data-widget_type=\"icon-box.default\">\n\t\t\t\t<div class=\"elementor-widget-container\">\n\t\t\t\t\t\t\t<div class=\"elementor-icon-box-wrapper\">\n\n\t\t\t\t\t\t<div class=\"elementor-icon-box-icon\">\n\t\t\t\t<span  class=\"elementor-icon\">\n\t\t\t\t<svg aria-hidden=\"true\" class=\"e-font-icon-svg e-fas-umbrella-beach\" viewbox=\"0 0 640 512\" xmlns=\"http:\/\/www.w3.org\/2000\/svg\"><path d=\"M115.38 136.9l102.11 37.18c35.19-81.54 86.21-144.29 139-173.7-95.88-4.89-188.78 36.96-248.53 111.8-6.69 8.4-2.66 21.05 7.42 24.72zm132.25 48.16l238.48 86.83c35.76-121.38 18.7-231.66-42.63-253.98-7.4-2.7-15.13-4-23.09-4-58.02.01-128.27 69.17-172.76 171.15zM521.48 60.5c6.22 16.3 10.83 34.6 13.2 55.19 5.74 49.89-1.42 108.23-18.95 166.98l102.62 37.36c10.09 3.67 21.31-3.43 21.57-14.17 2.32-95.69-41.91-187.44-118.44-245.36zM560 447.98H321.06L386 269.5l-60.14-21.9-72.9 200.37H16c-8.84 0-16 7.16-16 16.01v32.01C0 504.83 7.16 512 16 512h544c8.84 0 16-7.17 16-16.01v-32.01c0-8.84-7.16-16-16-16z\"><\/path><\/svg>\t\t\t\t<\/span>\n\t\t\t<\/div>\n\t\t\t\n\t\t\t\n\t\t<\/div>\n\t\t\t\t\t\t<\/div>\n\t\t\t\t<\/div>\n\t\t\t\t<div class=\"elementor-element elementor-element-f8106e7 elementor-widget elementor-widget-global elementor-global-7444 elementor-widget-text-editor\" data-id=\"f8106e7\" data-element_type=\"widget\" data-e-type=\"widget\" data-widget_type=\"text-editor.default\">\n\t\t\t\t<div class=\"elementor-widget-container\">\n\t\t\t\t\t\t\t\t\t<p>If you have any questions, <a href=\"https:\/\/palovs.hu\/en\/lizard\/\">click here.<\/a> we collected the most frequent ones.<\/p>\t\t\t\t\t\t\t\t<\/div>\n\t\t\t\t<\/div>\n\t\t\t\t<\/div>\n\t\t\t\t\t<\/div>\n\t\t\t\t<\/div>\n\t\t\t\t<\/div>","protected":false},"excerpt":{"rendered":"<p>H\u00c1ZIREND A h\u00e1zat \u00e9rkez\u00e9si napon 14:00 \u00f3r\u00e1t\u00f3l lehet elfoglalni, \u00e9s a t\u00e1voz\u00e1s napj\u00e1n 10:00 \u00f3r\u00e1ig kell elhagyni. Vend\u00e9geink a h\u00e1zat csak a teljes adminisztr\u00e1ci\u00f3t k\u00f6vet\u0151en foglalhatj\u00e1k el. Adatfelv\u00e9telt k\u00f6vet\u0151en a vend\u00e9g miut\u00e1n kit\u00f6lt\u00f6tte az adminisztr\u00e1ci\u00f3s lapot, egyidej\u0171leg meg\u00e9rti \u00e9s elfogadja a h\u00e1zirend szab\u00e1lyzat\u00e1t. A nyaral\u00f3h\u00e1zat csak \u00e9s kiz\u00e1r\u00f3lag annyi f\u0151 veheti ig\u00e9nybe, ah\u00e1ny f\u0151 r\u00e9sz\u00e9re [&hellip;]<\/p>\n","protected":false},"author":1,"featured_media":0,"parent":0,"menu_order":19,"comment_status":"closed","ping_status":"closed","template":"","meta":{"footnotes":""},"class_list":["post-1878","page","type-page","status-publish","hentry"],"yoast_head":"<!-- This site is optimized with the Yoast SEO Premium plugin v27.3 (Yoast SEO v27.3) - https:\/\/yoast.com\/product\/yoast-seo-premium-wordpress\/ -->\n<title>H\u00e1zirend -<\/title>\n<meta name=\"robots\" content=\"index, follow, max-snippet:-1, max-image-preview:large, max-video-preview:-1\" \/>\n<link rel=\"canonical\" href=\"https:\/\/palovs.hu\/en\/hazirend\/\" \/>\n<meta property=\"og:locale\" content=\"en_US\" \/>\n<meta property=\"og:type\" content=\"article\" \/>\n<meta property=\"og:title\" content=\"H\u00e1zirend\" \/>\n<meta property=\"og:description\" content=\"H\u00c1ZIREND A h\u00e1zat \u00e9rkez\u00e9si napon 14:00 \u00f3r\u00e1t\u00f3l lehet elfoglalni, \u00e9s a t\u00e1voz\u00e1s napj\u00e1n 10:00 \u00f3r\u00e1ig kell elhagyni. Vend\u00e9geink a h\u00e1zat csak a teljes adminisztr\u00e1ci\u00f3t k\u00f6vet\u0151en foglalhatj\u00e1k el. Adatfelv\u00e9telt k\u00f6vet\u0151en a vend\u00e9g miut\u00e1n kit\u00f6lt\u00f6tte az adminisztr\u00e1ci\u00f3s lapot, egyidej\u0171leg meg\u00e9rti \u00e9s elfogadja a h\u00e1zirend szab\u00e1lyzat\u00e1t. A nyaral\u00f3h\u00e1zat csak \u00e9s kiz\u00e1r\u00f3lag annyi f\u0151 veheti ig\u00e9nybe, ah\u00e1ny f\u0151 r\u00e9sz\u00e9re [&hellip;]\" \/>\n<meta property=\"og:url\" content=\"https:\/\/palovs.hu\/en\/hazirend\/\" \/>\n<meta property=\"og:site_name\" content=\"Palov&#039;s vend\u00e9gh\u00e1z\" \/>\n<meta property=\"article:publisher\" content=\"https:\/\/www.facebook.com\/palovs.szarvas\" \/>\n<meta property=\"article:modified_time\" content=\"2026-03-24T09:19:37+00:00\" \/>\n<meta property=\"og:image\" content=\"https:\/\/palovs.hu\/wp-content\/uploads\/2026\/04\/Sup-kata-Szarvason.webp\" \/>\n\t<meta property=\"og:image:width\" content=\"500\" \/>\n\t<meta property=\"og:image:height\" content=\"500\" \/>\n\t<meta property=\"og:image:type\" content=\"image\/webp\" \/>\n<meta name=\"twitter:card\" content=\"summary_large_image\" \/>\n<meta name=\"twitter:label1\" content=\"Est. reading time\" \/>\n\t<meta name=\"twitter:data1\" content=\"3 minutes\" \/>\n<script type=\"application\/ld+json\" class=\"yoast-schema-graph\">{\"@context\":\"https:\\\/\\\/schema.org\",\"@graph\":[{\"@type\":\"WebPage\",\"@id\":\"https:\\\/\\\/palovs.hu\\\/hazirend\\\/\",\"url\":\"https:\\\/\\\/palovs.hu\\\/hazirend\\\/\",\"name\":\"H\u00e1zirend -\",\"isPartOf\":{\"@id\":\"https:\\\/\\\/palovs.hu\\\/#website\"},\"datePublished\":\"2025-04-06T16:47:37+00:00\",\"dateModified\":\"2026-03-24T09:19:37+00:00\",\"breadcrumb\":{\"@id\":\"https:\\\/\\\/palovs.hu\\\/hazirend\\\/#breadcrumb\"},\"inLanguage\":\"en-US\",\"potentialAction\":[{\"@type\":\"ReadAction\",\"target\":[\"https:\\\/\\\/palovs.hu\\\/hazirend\\\/\"]}]},{\"@type\":\"BreadcrumbList\",\"@id\":\"https:\\\/\\\/palovs.hu\\\/hazirend\\\/#breadcrumb\",\"itemListElement\":[{\"@type\":\"ListItem\",\"position\":1,\"name\":\"Home\",\"item\":\"https:\\\/\\\/palovs.hu\\\/\"},{\"@type\":\"ListItem\",\"position\":2,\"name\":\"H\u00e1zirend\"}]},{\"@type\":\"WebSite\",\"@id\":\"https:\\\/\\\/palovs.hu\\\/#website\",\"url\":\"https:\\\/\\\/palovs.hu\\\/\",\"name\":\"Palov's Vend\u00e9gh\u00e1z\",\"description\":\"V\u00edzparti nyaral\u00f3 a K\u00f6r\u00f6s partj\u00e1n\",\"publisher\":{\"@id\":\"https:\\\/\\\/palovs.hu\\\/#organization\"},\"potentialAction\":[{\"@type\":\"SearchAction\",\"target\":{\"@type\":\"EntryPoint\",\"urlTemplate\":\"https:\\\/\\\/palovs.hu\\\/?s={search_term_string}\"},\"query-input\":{\"@type\":\"PropertyValueSpecification\",\"valueRequired\":true,\"valueName\":\"search_term_string\"}}],\"inLanguage\":\"en-US\"},{\"@type\":\"Organization\",\"@id\":\"https:\\\/\\\/palovs.hu\\\/#organization\",\"name\":\"Palov's vend\u00e9gh\u00e1z\",\"url\":\"https:\\\/\\\/palovs.hu\\\/\",\"logo\":{\"@type\":\"ImageObject\",\"inLanguage\":\"en-US\",\"@id\":\"https:\\\/\\\/palovs.hu\\\/#\\\/schema\\\/logo\\\/image\\\/\",\"url\":\"https:\\\/\\\/palovs.hu\\\/wp-content\\\/uploads\\\/2025\\\/05\\\/cropped-Site-icon-palovs.png\",\"contentUrl\":\"https:\\\/\\\/palovs.hu\\\/wp-content\\\/uploads\\\/2025\\\/05\\\/cropped-Site-icon-palovs.png\",\"width\":512,\"height\":512,\"caption\":\"Palov's vend\u00e9gh\u00e1z\"},\"image\":{\"@id\":\"https:\\\/\\\/palovs.hu\\\/#\\\/schema\\\/logo\\\/image\\\/\"},\"sameAs\":[\"https:\\\/\\\/www.facebook.com\\\/palovs.szarvas\"]}]}<\/script>\n<!-- \/ Yoast SEO Premium plugin. -->","yoast_head_json":{"title":"House rules -","robots":{"index":"index","follow":"follow","max-snippet":"max-snippet:-1","max-image-preview":"max-image-preview:large","max-video-preview":"max-video-preview:-1"},"canonical":"https:\/\/palovs.hu\/en\/hazirend\/","og_locale":"en_US","og_type":"article","og_title":"H\u00e1zirend","og_description":"H\u00c1ZIREND A h\u00e1zat \u00e9rkez\u00e9si napon 14:00 \u00f3r\u00e1t\u00f3l lehet elfoglalni, \u00e9s a t\u00e1voz\u00e1s napj\u00e1n 10:00 \u00f3r\u00e1ig kell elhagyni. Vend\u00e9geink a h\u00e1zat csak a teljes adminisztr\u00e1ci\u00f3t k\u00f6vet\u0151en foglalhatj\u00e1k el. Adatfelv\u00e9telt k\u00f6vet\u0151en a vend\u00e9g miut\u00e1n kit\u00f6lt\u00f6tte az adminisztr\u00e1ci\u00f3s lapot, egyidej\u0171leg meg\u00e9rti \u00e9s elfogadja a h\u00e1zirend szab\u00e1lyzat\u00e1t. A nyaral\u00f3h\u00e1zat csak \u00e9s kiz\u00e1r\u00f3lag annyi f\u0151 veheti ig\u00e9nybe, ah\u00e1ny f\u0151 r\u00e9sz\u00e9re [&hellip;]","og_url":"https:\/\/palovs.hu\/en\/hazirend\/","og_site_name":"Palov&#039;s vend\u00e9gh\u00e1z","article_publisher":"https:\/\/www.facebook.com\/palovs.szarvas","article_modified_time":"2026-03-24T09:19:37+00:00","og_image":[{"width":500,"height":500,"url":"https:\/\/palovs.hu\/wp-content\/uploads\/2026\/04\/Sup-kata-Szarvason.webp","type":"image\/webp"}],"twitter_card":"summary_large_image","twitter_misc":{"Est. reading time":"3 minutes"},"schema":{"@context":"https:\/\/schema.org","@graph":[{"@type":"WebPage","@id":"https:\/\/palovs.hu\/hazirend\/","url":"https:\/\/palovs.hu\/hazirend\/","name":"House rules -","isPartOf":{"@id":"https:\/\/palovs.hu\/#website"},"datePublished":"2025-04-06T16:47:37+00:00","dateModified":"2026-03-24T09:19:37+00:00","breadcrumb":{"@id":"https:\/\/palovs.hu\/hazirend\/#breadcrumb"},"inLanguage":"en-US","potentialAction":[{"@type":"ReadAction","target":["https:\/\/palovs.hu\/hazirend\/"]}]},{"@type":"BreadcrumbList","@id":"https:\/\/palovs.hu\/hazirend\/#breadcrumb","itemListElement":[{"@type":"ListItem","position":1,"name":"Home","item":"https:\/\/palovs.hu\/"},{"@type":"ListItem","position":2,"name":"H\u00e1zirend"}]},{"@type":"WebSite","@id":"https:\/\/palovs.hu\/#website","url":"https:\/\/palovs.hu\/","name":"Palov's Guest House","description":"Waterfront holiday home on the banks of the K\u00f6r\u00f6s","publisher":{"@id":"https:\/\/palovs.hu\/#organization"},"potentialAction":[{"@type":"SearchAction","target":{"@type":"EntryPoint","urlTemplate":"https:\/\/palovs.hu\/?s={search_term_string}"},"query-input":{"@type":"PropertyValueSpecification","valueRequired":true,"valueName":"search_term_string"}}],"inLanguage":"en-US"},{"@type":"Organization","@id":"https:\/\/palovs.hu\/#organization","name":"Palov's guest house","url":"https:\/\/palovs.hu\/","logo":{"@type":"ImageObject","inLanguage":"en-US","@id":"https:\/\/palovs.hu\/#\/schema\/logo\/image\/","url":"https:\/\/palovs.hu\/wp-content\/uploads\/2025\/05\/cropped-Site-icon-palovs.png","contentUrl":"https:\/\/palovs.hu\/wp-content\/uploads\/2025\/05\/cropped-Site-icon-palovs.png","width":512,"height":512,"caption":"Palov's vend\u00e9gh\u00e1z"},"image":{"@id":"https:\/\/palovs.hu\/#\/schema\/logo\/image\/"},"sameAs":["https:\/\/www.facebook.com\/palovs.szarvas"]}]}},"_links":{"self":[{"href":"https:\/\/palovs.hu\/en\/wp-json\/wp\/v2\/pages\/1878","targetHints":{"allow":["GET"]}}],"collection":[{"href":"https:\/\/palovs.hu\/en\/wp-json\/wp\/v2\/pages"}],"about":[{"href":"https:\/\/palovs.hu\/en\/wp-json\/wp\/v2\/types\/page"}],"author":[{"embeddable":true,"href":"https:\/\/palovs.hu\/en\/wp-json\/wp\/v2\/users\/1"}],"replies":[{"embeddable":true,"href":"https:\/\/palovs.hu\/en\/wp-json\/wp\/v2\/comments?post=1878"}],"version-history":[{"count":52,"href":"https:\/\/palovs.hu\/en\/wp-json\/wp\/v2\/pages\/1878\/revisions"}],"predecessor-version":[{"id":7449,"href":"https:\/\/palovs.hu\/en\/wp-json\/wp\/v2\/pages\/1878\/revisions\/7449"}],"wp:attachment":[{"href":"https:\/\/palovs.hu\/en\/wp-json\/wp\/v2\/media?parent=1878"}],"curies":[{"name":"wp","href":"https:\/\/api.w.org\/{rel}","templated":true}]}}